{"id":3749,"date":"2022-01-11T09:22:09","date_gmt":"2022-01-11T09:22:09","guid":{"rendered":"https:\/\/ws24.ws\/ba\/?page_id=3749"},"modified":"2022-01-11T20:17:24","modified_gmt":"2022-01-11T20:17:24","slug":"web-hosting","status":"publish","type":"page","link":"https:\/\/ws24.ws\/ba\/web-hosting\/","title":{"rendered":"Web hosting"},"content":{"rendered":"\t\t<div data-elementor-type=\"wp-page\" data-elementor-id=\"3749\" class=\"elementor elementor-3749\" data-elementor-post-type=\"page\">\n\t\t\t\t\t\t<section class=\"elementor-section elementor-top-section elementor-element elementor-element-6657e2e1 elementor-section-height-min-height elementor-section-boxed elementor-section-height-default elementor-section-items-middle\" data-id=\"6657e2e1\" data-element_type=\"section\" data-settings=\"{&quot;background_background&quot;:&quot;gradient&quot;,&quot;shape_divider_bottom&quot;:&quot;waves&quot;}\">\n\t\t\t\t\t\t\t<div class=\"elementor-background-overlay\"><\/div>\n\t\t\t\t\t\t<div class=\"elementor-shape elementor-shape-bottom\" aria-hidden=\"true\" data-negative=\"false\">\n\t\t\t<svg xmlns=\"http:\/\/www.w3.org\/2000\/svg\" viewBox=\"0 0 1000 100\" preserveAspectRatio=\"none\">\n\t<path class=\"elementor-shape-fill\" d=\"M421.9,6.5c22.6-2.5,51.5,0.4,75.5,5.3c23.6,4.9,70.9,23.5,100.5,35.7c75.8,32.2,133.7,44.5,192.6,49.7\n\tc23.6,2.1,48.7,3.5,103.4-2.5c54.7-6,106.2-25.6,106.2-25.6V0H0v30.3c0,0,72,32.6,158.4,30.5c39.2-0.7,92.8-6.7,134-22.4\n\tc21.2-8.1,52.2-18.2,79.7-24.2C399.3,7.9,411.6,7.5,421.9,6.5z\"\/>\n<\/svg>\t\t<\/div>\n\t\t\t\t\t<div class=\"elementor-container elementor-column-gap-default\">\n\t\t\t\t\t<div class=\"elementor-column elementor-col-50 elementor-top-column elementor-element elementor-element-6b020cef\" data-id=\"6b020cef\" data-element_type=\"column\">\n\t\t\t<div class=\"elementor-widget-wrap elementor-element-populated\">\n\t\t\t\t\t\t<div class=\"elementor-element elementor-element-41bb1a61 elementor-widget elementor-widget-heading\" data-id=\"41bb1a61\" data-element_type=\"widget\" data-widget_type=\"heading.default\">\n\t\t\t\t<div class=\"elementor-widget-container\">\n\t\t\t\t\t<h1 class=\"elementor-heading-title elementor-size-default\">Web hosting<\/h1>\t\t\t\t<\/div>\n\t\t\t\t<\/div>\n\t\t\t\t<div class=\"elementor-element elementor-element-331c9ee9 elementor-widget elementor-widget-heading\" data-id=\"331c9ee9\" data-element_type=\"widget\" data-widget_type=\"heading.default\">\n\t\t\t\t<div class=\"elementor-widget-container\">\n\t\t\t\t\t<h3 class=\"elementor-heading-title elementor-size-default\">Smje\u0161taj na serveru za Va\u0161 web sajt<\/h3>\t\t\t\t<\/div>\n\t\t\t\t<\/div>\n\t\t\t\t<div class=\"elementor-element elementor-element-44f178ed elementor-widget__width-initial elementor-fixed elementor-widget elementor-widget-button\" data-id=\"44f178ed\" data-element_type=\"widget\" data-settings=\"{&quot;_position&quot;:&quot;fixed&quot;}\" data-widget_type=\"button.default\">\n\t\t\t\t<div class=\"elementor-widget-container\">\n\t\t\t\t\t\t\t\t\t<div class=\"elementor-button-wrapper\">\n\t\t\t\t\t<a class=\"elementor-button elementor-size-md\" role=\"button\">\n\t\t\t\t\t\t<span class=\"elementor-button-content-wrapper\">\n\t\t\t\t\t\t<span class=\"elementor-button-icon\">\n\t\t\t\t<i aria-hidden=\"true\" class=\"fas fa-envelope\"><\/i>\t\t\t<\/span>\n\t\t\t\t\t\t\t\t<\/span>\n\t\t\t\t\t<\/a>\n\t\t\t\t<\/div>\n\t\t\t\t\t\t\t\t<\/div>\n\t\t\t\t<\/div>\n\t\t\t\t\t<\/div>\n\t\t<\/div>\n\t\t\t\t<div class=\"elementor-column elementor-col-50 elementor-top-column elementor-element elementor-element-caa4d62\" data-id=\"caa4d62\" data-element_type=\"column\">\n\t\t\t<div class=\"elementor-widget-wrap elementor-element-populated\">\n\t\t\t\t\t\t<div class=\"elementor-element elementor-element-94a3951 elementor-widget elementor-widget-image\" data-id=\"94a3951\" data-element_type=\"widget\" data-widget_type=\"image.default\">\n\t\t\t\t<div class=\"elementor-widget-container\">\n\t\t\t\t\t\t\t\t\t\t\t\t\t\t\t<img fetchpriority=\"high\" decoding=\"async\" width=\"800\" height=\"465\" src=\"https:\/\/ws24.ws\/ba\/wp-content\/uploads\/2022\/01\/web-hosting-concept-1024x595.jpg\" class=\"attachment-large size-large wp-image-3757\" alt=\"Web hosting\" srcset=\"https:\/\/ws24.ws\/ba\/wp-content\/uploads\/2022\/01\/web-hosting-concept-1024x595.jpg 1024w, https:\/\/ws24.ws\/ba\/wp-content\/uploads\/2022\/01\/web-hosting-concept-300x174.jpg 300w, https:\/\/ws24.ws\/ba\/wp-content\/uploads\/2022\/01\/web-hosting-concept-768x446.jpg 768w, https:\/\/ws24.ws\/ba\/wp-content\/uploads\/2022\/01\/web-hosting-concept-1536x892.jpg 1536w, https:\/\/ws24.ws\/ba\/wp-content\/uploads\/2022\/01\/web-hosting-concept-2048x1190.jpg 2048w\" sizes=\"(max-width: 800px) 100vw, 800px\" \/>\t\t\t\t\t\t\t\t\t\t\t\t\t\t\t<\/div>\n\t\t\t\t<\/div>\n\t\t\t\t\t<\/div>\n\t\t<\/div>\n\t\t\t\t\t<\/div>\n\t\t<\/section>\n\t\t\t\t<section class=\"elementor-section elementor-top-section elementor-element elementor-element-af1dacd elementor-section-boxed elementor-section-height-default elementor-section-height-default\" data-id=\"af1dacd\" data-element_type=\"section\">\n\t\t\t\t\t\t<div class=\"elementor-container elementor-column-gap-default\">\n\t\t\t\t\t<div class=\"elementor-column elementor-col-100 elementor-top-column elementor-element elementor-element-d49d7cd\" data-id=\"d49d7cd\" data-element_type=\"column\">\n\t\t\t<div class=\"elementor-widget-wrap elementor-element-populated\">\n\t\t\t\t\t\t<div class=\"elementor-element elementor-element-e811cde elementor-widget elementor-widget-heading\" data-id=\"e811cde\" data-element_type=\"widget\" data-widget_type=\"heading.default\">\n\t\t\t\t<div class=\"elementor-widget-container\">\n\t\t\t\t\t<h2 class=\"elementor-heading-title elementor-size-default\">\u0160ta je web hosting<\/h2>\t\t\t\t<\/div>\n\t\t\t\t<\/div>\n\t\t\t\t<div class=\"elementor-element elementor-element-a41b2f9 elementor-widget elementor-widget-text-editor\" data-id=\"a41b2f9\" data-element_type=\"widget\" data-widget_type=\"text-editor.default\">\n\t\t\t\t<div class=\"elementor-widget-container\">\n\t\t\t\t\t\t\t\t\t<p>Web hosting je zapravo smje\u0161taj za web stranice na nekom serveru koji je povezan na globalnu internet mre\u017eu. Zahvaljuju\u0107i tome svi sadr\u017eaji web sajta \u0107e biti stalno dostupni svima i u svako doba dana i no\u0107i 24\/7.<\/p>\t\t\t\t\t\t\t\t<\/div>\n\t\t\t\t<\/div>\n\t\t\t\t\t<\/div>\n\t\t<\/div>\n\t\t\t\t\t<\/div>\n\t\t<\/section>\n\t\t\t\t<section class=\"elementor-section elementor-top-section elementor-element elementor-element-2bc7b49 elementor-section-boxed elementor-section-height-default elementor-section-height-default\" data-id=\"2bc7b49\" data-element_type=\"section\">\n\t\t\t\t\t\t<div class=\"elementor-container elementor-column-gap-default\">\n\t\t\t\t\t<div class=\"elementor-column elementor-col-100 elementor-top-column elementor-element elementor-element-12167e6\" data-id=\"12167e6\" data-element_type=\"column\">\n\t\t\t<div class=\"elementor-widget-wrap elementor-element-populated\">\n\t\t\t\t\t\t<div class=\"elementor-element elementor-element-7f68a48 elementor-widget elementor-widget-heading\" data-id=\"7f68a48\" data-element_type=\"widget\" data-widget_type=\"heading.default\">\n\t\t\t\t<div class=\"elementor-widget-container\">\n\t\t\t\t\t<h2 class=\"elementor-heading-title elementor-size-default\">Vrste web hostinga<\/h2>\t\t\t\t<\/div>\n\t\t\t\t<\/div>\n\t\t\t\t<div class=\"elementor-element elementor-element-2f85a28 elementor-widget elementor-widget-text-editor\" data-id=\"2f85a28\" data-element_type=\"widget\" data-widget_type=\"text-editor.default\">\n\t\t\t\t<div class=\"elementor-widget-container\">\n\t\t\t\t\t\t\t\t\t<p><span style=\"color: var( --e-global-color-text ); font-family: var( --e-global-typography-text-font-family ), Sans-serif; font-weight: var( --e-global-typography-text-font-weight ); font-size: 1rem;\">Izbor dobrog web hostinga je veoma va\u017ean za kvalitetano predstavljanje na internetu. Prekidi ili lo\u0161a brzina otvaranja stranica sajta \u0107e se nepovoljno odraziti na posjetioce i rang sajta na pretra\u017eiva\u010dima.\u00a0<\/span><\/p><p><span style=\"color: var( --e-global-color-text ); font-family: var( --e-global-typography-text-font-family ), Sans-serif; font-weight: var( --e-global-typography-text-font-weight ); font-size: 1rem;\">Postoje vi\u0161e tipova hostinga. Od najeftinijeg dijeljenog hostinga, pa do skupljih VPS i Cloud koji su mnogo kvalitetniji i pouzdaniji.\u00a0<\/span><\/p>\t\t\t\t\t\t\t\t<\/div>\n\t\t\t\t<\/div>\n\t\t\t\t<div class=\"elementor-element elementor-element-9d4a137 elementor-widget elementor-widget-heading\" data-id=\"9d4a137\" data-element_type=\"widget\" data-widget_type=\"heading.default\">\n\t\t\t\t<div class=\"elementor-widget-container\">\n\t\t\t\t\t<h5 class=\"elementor-heading-title elementor-size-default\">Dijeljeni hosting (shared hosting)<\/h5>\t\t\t\t<\/div>\n\t\t\t\t<\/div>\n\t\t\t\t<div class=\"elementor-element elementor-element-3196f5a elementor-widget elementor-widget-text-editor\" data-id=\"3196f5a\" data-element_type=\"widget\" data-widget_type=\"text-editor.default\">\n\t\t\t\t<div class=\"elementor-widget-container\">\n\t\t\t\t\t\t\t\t\t<p>Mjesto gdje se server dijeli na desetine i stotine hosting mjesta na kojima su razli\u010diti korisnici smjestili svoje web stranice.<\/p>\t\t\t\t\t\t\t\t<\/div>\n\t\t\t\t<\/div>\n\t\t\t\t<div class=\"elementor-element elementor-element-597b3bd elementor-widget elementor-widget-heading\" data-id=\"597b3bd\" data-element_type=\"widget\" data-widget_type=\"heading.default\">\n\t\t\t\t<div class=\"elementor-widget-container\">\n\t\t\t\t\t<h5 class=\"elementor-heading-title elementor-size-default\">VPS hosting (Virtual Private Server)<\/h5>\t\t\t\t<\/div>\n\t\t\t\t<\/div>\n\t\t\t\t<div class=\"elementor-element elementor-element-7837b83 elementor-widget elementor-widget-text-editor\" data-id=\"7837b83\" data-element_type=\"widget\" data-widget_type=\"text-editor.default\">\n\t\t\t\t<div class=\"elementor-widget-container\">\n\t\t\t\t\t\t\t\t\t<p>Hosting gdje korisnik iznajmljuje jedan dio virtualnog servera.\u00a0 Na njemu mo\u017ee po svojim potrebama instalirati operativni sistem i aplikacije, nezavisno od ostalih korisnika.<\/p>\t\t\t\t\t\t\t\t<\/div>\n\t\t\t\t<\/div>\n\t\t\t\t<div class=\"elementor-element elementor-element-00951ae elementor-widget elementor-widget-heading\" data-id=\"00951ae\" data-element_type=\"widget\" data-widget_type=\"heading.default\">\n\t\t\t\t<div class=\"elementor-widget-container\">\n\t\t\t\t\t<h5 class=\"elementor-heading-title elementor-size-default\">Namjenski hosting (Dedicated hosting service)<\/h5>\t\t\t\t<\/div>\n\t\t\t\t<\/div>\n\t\t\t\t<div class=\"elementor-element elementor-element-df08c59 elementor-widget elementor-widget-text-editor\" data-id=\"df08c59\" data-element_type=\"widget\" data-widget_type=\"text-editor.default\">\n\t\t\t\t<div class=\"elementor-widget-container\">\n\t\t\t\t\t\t\t\t\t<p>Hosting na kojem korisnik iznajmljuje cijeli server kojeg konfiguri\u0161e za svoje potrebe i koji se ne dijeli ni s kim drugim.\u00a0<\/p>\t\t\t\t\t\t\t\t<\/div>\n\t\t\t\t<\/div>\n\t\t\t\t\t<\/div>\n\t\t<\/div>\n\t\t\t\t\t<\/div>\n\t\t<\/section>\n\t\t\t\t<section class=\"elementor-section elementor-top-section elementor-element elementor-element-f40f087 elementor-section-boxed elementor-section-height-default elementor-section-height-default\" data-id=\"f40f087\" data-element_type=\"section\">\n\t\t\t\t\t\t<div class=\"elementor-container elementor-column-gap-default\">\n\t\t\t\t\t<div class=\"elementor-column elementor-col-100 elementor-top-column elementor-element elementor-element-abb09f0\" data-id=\"abb09f0\" data-element_type=\"column\">\n\t\t\t<div class=\"elementor-widget-wrap elementor-element-populated\">\n\t\t\t\t\t\t<div class=\"elementor-element elementor-element-26a44f8 elementor-widget elementor-widget-text-editor\" data-id=\"26a44f8\" data-element_type=\"widget\" data-widget_type=\"text-editor.default\">\n\t\t\t\t<div class=\"elementor-widget-container\">\n\t\t\t\t\t\t\t\t\t<p>Na\u0161im korisnicima uvijek preporu\u010dujemo kvalitetniji hosting.<\/p>\t\t\t\t\t\t\t\t<\/div>\n\t\t\t\t<\/div>\n\t\t\t\t\t<\/div>\n\t\t<\/div>\n\t\t\t\t\t<\/div>\n\t\t<\/section>\n\t\t\t\t<\/div>\n\t\t","protected":false},"excerpt":{"rendered":"<p>Web hosting Smje\u0161taj na serveru za Va\u0161 web sajt \u0160ta je web hosting Web hosting je zapravo smje\u0161taj za web stranice na nekom serveru koji je povezan na globalnu internet mre\u017eu. Zahvaljuju\u0107i tome svi sadr\u017eaji web sajta \u0107e biti stalno dostupni svima i u svako doba dana i no\u0107i 24\/7. Vrste web hostinga Izbor dobrog [&hellip;]<\/p>\n","protected":false},"author":1,"featured_media":0,"parent":0,"menu_order":0,"comment_status":"closed","ping_status":"closed","template":"elementor_header_footer","meta":{"footnotes":""},"class_list":["post-3749","page","type-page","status-publish","hentry"],"yoast_head":"<!-- This site is optimized with the Yoast SEO plugin v26.3 - https:\/\/yoast.com\/wordpress\/plugins\/seo\/ -->\n<title>Web hosting - Web servis BiH<\/title>\n<meta name=\"robots\" content=\"index, follow, max-snippet:-1, max-image-preview:large, max-video-preview:-1\" \/>\n<link rel=\"canonical\" href=\"https:\/\/ws24.ws\/ba\/web-hosting\/\" \/>\n<meta property=\"og:locale\" content=\"bs_BA\" \/>\n<meta property=\"og:type\" content=\"article\" \/>\n<meta property=\"og:title\" content=\"Web hosting - Web servis BiH\" \/>\n<meta property=\"og:description\" content=\"Web hosting Smje\u0161taj na serveru za Va\u0161 web sajt \u0160ta je web hosting Web hosting je zapravo smje\u0161taj za web stranice na nekom serveru koji je povezan na globalnu internet mre\u017eu. Zahvaljuju\u0107i tome svi sadr\u017eaji web sajta \u0107e biti stalno dostupni svima i u svako doba dana i no\u0107i 24\/7. Vrste web hostinga Izbor dobrog [&hellip;]\" \/>\n<meta property=\"og:url\" content=\"https:\/\/ws24.ws\/ba\/web-hosting\/\" \/>\n<meta property=\"og:site_name\" content=\"Web servis BiH\" \/>\n<meta property=\"article:modified_time\" content=\"2022-01-11T20:17:24+00:00\" \/>\n<meta property=\"og:image\" content=\"https:\/\/ws24.ws\/ba\/wp-content\/uploads\/2022\/01\/web-hosting-concept-1024x595.jpg\" \/>\n<meta name=\"twitter:card\" content=\"summary_large_image\" \/>\n<meta name=\"twitter:label1\" content=\"Est. reading time\" \/>\n\t<meta name=\"twitter:data1\" content=\"2 minute\" \/>\n<script type=\"application\/ld+json\" class=\"yoast-schema-graph\">{\"@context\":\"https:\/\/schema.org\",\"@graph\":[{\"@type\":\"WebPage\",\"@id\":\"https:\/\/ws24.ws\/ba\/web-hosting\/\",\"url\":\"https:\/\/ws24.ws\/ba\/web-hosting\/\",\"name\":\"Web hosting - Web servis BiH\",\"isPartOf\":{\"@id\":\"https:\/\/ws24.ws\/ba\/#website\"},\"primaryImageOfPage\":{\"@id\":\"https:\/\/ws24.ws\/ba\/web-hosting\/#primaryimage\"},\"image\":{\"@id\":\"https:\/\/ws24.ws\/ba\/web-hosting\/#primaryimage\"},\"thumbnailUrl\":\"https:\/\/ws24.ws\/ba\/wp-content\/uploads\/2022\/01\/web-hosting-concept-1024x595.jpg\",\"datePublished\":\"2022-01-11T09:22:09+00:00\",\"dateModified\":\"2022-01-11T20:17:24+00:00\",\"breadcrumb\":{\"@id\":\"https:\/\/ws24.ws\/ba\/web-hosting\/#breadcrumb\"},\"inLanguage\":\"bs-BA\",\"potentialAction\":[{\"@type\":\"ReadAction\",\"target\":[\"https:\/\/ws24.ws\/ba\/web-hosting\/\"]}]},{\"@type\":\"ImageObject\",\"inLanguage\":\"bs-BA\",\"@id\":\"https:\/\/ws24.ws\/ba\/web-hosting\/#primaryimage\",\"url\":\"https:\/\/ws24.ws\/ba\/wp-content\/uploads\/2022\/01\/web-hosting-concept-1024x595.jpg\",\"contentUrl\":\"https:\/\/ws24.ws\/ba\/wp-content\/uploads\/2022\/01\/web-hosting-concept-1024x595.jpg\"},{\"@type\":\"BreadcrumbList\",\"@id\":\"https:\/\/ws24.ws\/ba\/web-hosting\/#breadcrumb\",\"itemListElement\":[{\"@type\":\"ListItem\",\"position\":1,\"name\":\"Home\",\"item\":\"https:\/\/ws24.ws\/ba\/\"},{\"@type\":\"ListItem\",\"position\":2,\"name\":\"Web hosting\"}]},{\"@type\":\"WebSite\",\"@id\":\"https:\/\/ws24.ws\/ba\/#website\",\"url\":\"https:\/\/ws24.ws\/ba\/\",\"name\":\"Web servis BiH\",\"description\":\"Izrada i odr\u017eavanje web stranica, sajtova, seo optimizacija\",\"potentialAction\":[{\"@type\":\"SearchAction\",\"target\":{\"@type\":\"EntryPoint\",\"urlTemplate\":\"https:\/\/ws24.ws\/ba\/?s={search_term_string}\"},\"query-input\":{\"@type\":\"PropertyValueSpecification\",\"valueRequired\":true,\"valueName\":\"search_term_string\"}}],\"inLanguage\":\"bs-BA\"}]}<\/script>\n<!-- \/ Yoast SEO plugin. -->","yoast_head_json":{"title":"Web hosting - Web servis BiH","robots":{"index":"index","follow":"follow","max-snippet":"max-snippet:-1","max-image-preview":"max-image-preview:large","max-video-preview":"max-video-preview:-1"},"canonical":"https:\/\/ws24.ws\/ba\/web-hosting\/","og_locale":"bs_BA","og_type":"article","og_title":"Web hosting - Web servis BiH","og_description":"Web hosting Smje\u0161taj na serveru za Va\u0161 web sajt \u0160ta je web hosting Web hosting je zapravo smje\u0161taj za web stranice na nekom serveru koji je povezan na globalnu internet mre\u017eu. Zahvaljuju\u0107i tome svi sadr\u017eaji web sajta \u0107e biti stalno dostupni svima i u svako doba dana i no\u0107i 24\/7. Vrste web hostinga Izbor dobrog [&hellip;]","og_url":"https:\/\/ws24.ws\/ba\/web-hosting\/","og_site_name":"Web servis BiH","article_modified_time":"2022-01-11T20:17:24+00:00","og_image":[{"url":"https:\/\/ws24.ws\/ba\/wp-content\/uploads\/2022\/01\/web-hosting-concept-1024x595.jpg","type":"","width":"","height":""}],"twitter_card":"summary_large_image","twitter_misc":{"Est. reading time":"2 minute"},"schema":{"@context":"https:\/\/schema.org","@graph":[{"@type":"WebPage","@id":"https:\/\/ws24.ws\/ba\/web-hosting\/","url":"https:\/\/ws24.ws\/ba\/web-hosting\/","name":"Web hosting - Web servis BiH","isPartOf":{"@id":"https:\/\/ws24.ws\/ba\/#website"},"primaryImageOfPage":{"@id":"https:\/\/ws24.ws\/ba\/web-hosting\/#primaryimage"},"image":{"@id":"https:\/\/ws24.ws\/ba\/web-hosting\/#primaryimage"},"thumbnailUrl":"https:\/\/ws24.ws\/ba\/wp-content\/uploads\/2022\/01\/web-hosting-concept-1024x595.jpg","datePublished":"2022-01-11T09:22:09+00:00","dateModified":"2022-01-11T20:17:24+00:00","breadcrumb":{"@id":"https:\/\/ws24.ws\/ba\/web-hosting\/#breadcrumb"},"inLanguage":"bs-BA","potentialAction":[{"@type":"ReadAction","target":["https:\/\/ws24.ws\/ba\/web-hosting\/"]}]},{"@type":"ImageObject","inLanguage":"bs-BA","@id":"https:\/\/ws24.ws\/ba\/web-hosting\/#primaryimage","url":"https:\/\/ws24.ws\/ba\/wp-content\/uploads\/2022\/01\/web-hosting-concept-1024x595.jpg","contentUrl":"https:\/\/ws24.ws\/ba\/wp-content\/uploads\/2022\/01\/web-hosting-concept-1024x595.jpg"},{"@type":"BreadcrumbList","@id":"https:\/\/ws24.ws\/ba\/web-hosting\/#breadcrumb","itemListElement":[{"@type":"ListItem","position":1,"name":"Home","item":"https:\/\/ws24.ws\/ba\/"},{"@type":"ListItem","position":2,"name":"Web hosting"}]},{"@type":"WebSite","@id":"https:\/\/ws24.ws\/ba\/#website","url":"https:\/\/ws24.ws\/ba\/","name":"Web servis BiH","description":"Izrada i odr\u017eavanje web stranica, sajtova, seo optimizacija","potentialAction":[{"@type":"SearchAction","target":{"@type":"EntryPoint","urlTemplate":"https:\/\/ws24.ws\/ba\/?s={search_term_string}"},"query-input":{"@type":"PropertyValueSpecification","valueRequired":true,"valueName":"search_term_string"}}],"inLanguage":"bs-BA"}]}},"_links":{"self":[{"href":"https:\/\/ws24.ws\/ba\/wp-json\/wp\/v2\/pages\/3749","targetHints":{"allow":["GET"]}}],"collection":[{"href":"https:\/\/ws24.ws\/ba\/wp-json\/wp\/v2\/pages"}],"about":[{"href":"https:\/\/ws24.ws\/ba\/wp-json\/wp\/v2\/types\/page"}],"author":[{"embeddable":true,"href":"https:\/\/ws24.ws\/ba\/wp-json\/wp\/v2\/users\/1"}],"replies":[{"embeddable":true,"href":"https:\/\/ws24.ws\/ba\/wp-json\/wp\/v2\/comments?post=3749"}],"version-history":[{"count":22,"href":"https:\/\/ws24.ws\/ba\/wp-json\/wp\/v2\/pages\/3749\/revisions"}],"predecessor-version":[{"id":3861,"href":"https:\/\/ws24.ws\/ba\/wp-json\/wp\/v2\/pages\/3749\/revisions\/3861"}],"wp:attachment":[{"href":"https:\/\/ws24.ws\/ba\/wp-json\/wp\/v2\/media?parent=3749"}],"curies":[{"name":"wp","href":"https:\/\/api.w.org\/{rel}","templated":true}]}}