{"id":3885,"date":"2022-01-13T06:31:43","date_gmt":"2022-01-13T06:31:43","guid":{"rendered":"https:\/\/ws24.ws\/ba\/?page_id=3885"},"modified":"2022-01-13T11:19:53","modified_gmt":"2022-01-13T11:19:53","slug":"https-protokol-i-ssl-sigurnosni-certifikat","status":"publish","type":"page","link":"https:\/\/ws24.ws\/ba\/https-protokol-i-ssl-sigurnosni-certifikat\/","title":{"rendered":"https protokol i SSL sigurnosni certifikat"},"content":{"rendered":"\t\t<div data-elementor-type=\"wp-page\" data-elementor-id=\"3885\" class=\"elementor elementor-3885\" data-elementor-post-type=\"page\">\n\t\t\t\t\t\t<section class=\"elementor-section elementor-top-section elementor-element elementor-element-65260e1f elementor-section-height-min-height elementor-section-boxed elementor-section-height-default elementor-section-items-middle\" data-id=\"65260e1f\" data-element_type=\"section\" data-settings=\"{&quot;background_background&quot;:&quot;gradient&quot;,&quot;shape_divider_bottom&quot;:&quot;waves&quot;}\">\n\t\t\t\t\t\t\t<div class=\"elementor-background-overlay\"><\/div>\n\t\t\t\t\t\t<div class=\"elementor-shape elementor-shape-bottom\" aria-hidden=\"true\" data-negative=\"false\">\n\t\t\t<svg xmlns=\"http:\/\/www.w3.org\/2000\/svg\" viewBox=\"0 0 1000 100\" preserveAspectRatio=\"none\">\n\t<path class=\"elementor-shape-fill\" d=\"M421.9,6.5c22.6-2.5,51.5,0.4,75.5,5.3c23.6,4.9,70.9,23.5,100.5,35.7c75.8,32.2,133.7,44.5,192.6,49.7\n\tc23.6,2.1,48.7,3.5,103.4-2.5c54.7-6,106.2-25.6,106.2-25.6V0H0v30.3c0,0,72,32.6,158.4,30.5c39.2-0.7,92.8-6.7,134-22.4\n\tc21.2-8.1,52.2-18.2,79.7-24.2C399.3,7.9,411.6,7.5,421.9,6.5z\"\/>\n<\/svg>\t\t<\/div>\n\t\t\t\t\t<div class=\"elementor-container elementor-column-gap-default\">\n\t\t\t\t\t<div class=\"elementor-column elementor-col-50 elementor-top-column elementor-element elementor-element-3d801a18\" data-id=\"3d801a18\" data-element_type=\"column\">\n\t\t\t<div class=\"elementor-widget-wrap elementor-element-populated\">\n\t\t\t\t\t\t<div class=\"elementor-element elementor-element-d28939d elementor-widget elementor-widget-heading\" data-id=\"d28939d\" data-element_type=\"widget\" data-widget_type=\"heading.default\">\n\t\t\t\t<div class=\"elementor-widget-container\">\n\t\t\t\t\t<h1 class=\"elementor-heading-title elementor-size-default\">https protokol i SSL sigurnosni certifikat<\/h1>\t\t\t\t<\/div>\n\t\t\t\t<\/div>\n\t\t\t\t<div class=\"elementor-element elementor-element-64801f93 elementor-widget elementor-widget-heading\" data-id=\"64801f93\" data-element_type=\"widget\" data-widget_type=\"heading.default\">\n\t\t\t\t<div class=\"elementor-widget-container\">\n\t\t\t\t\t<h3 class=\"elementor-heading-title elementor-size-default\">Za sigurnost Va\u0161eg web sajta<\/h3>\t\t\t\t<\/div>\n\t\t\t\t<\/div>\n\t\t\t\t<div class=\"elementor-element elementor-element-10765a88 elementor-widget__width-initial elementor-fixed elementor-widget elementor-widget-button\" data-id=\"10765a88\" data-element_type=\"widget\" data-settings=\"{&quot;_position&quot;:&quot;fixed&quot;}\" data-widget_type=\"button.default\">\n\t\t\t\t<div class=\"elementor-widget-container\">\n\t\t\t\t\t\t\t\t\t<div class=\"elementor-button-wrapper\">\n\t\t\t\t\t<a class=\"elementor-button elementor-size-md\" role=\"button\">\n\t\t\t\t\t\t<span class=\"elementor-button-content-wrapper\">\n\t\t\t\t\t\t<span class=\"elementor-button-icon\">\n\t\t\t\t<i aria-hidden=\"true\" class=\"fas fa-envelope\"><\/i>\t\t\t<\/span>\n\t\t\t\t\t\t\t\t<\/span>\n\t\t\t\t\t<\/a>\n\t\t\t\t<\/div>\n\t\t\t\t\t\t\t\t<\/div>\n\t\t\t\t<\/div>\n\t\t\t\t\t<\/div>\n\t\t<\/div>\n\t\t\t\t<div class=\"elementor-column elementor-col-50 elementor-top-column elementor-element elementor-element-9c17988\" data-id=\"9c17988\" data-element_type=\"column\">\n\t\t\t<div class=\"elementor-widget-wrap elementor-element-populated\">\n\t\t\t\t\t\t<div class=\"elementor-element elementor-element-dd8960e elementor-widget elementor-widget-image\" data-id=\"dd8960e\" data-element_type=\"widget\" data-widget_type=\"image.default\">\n\t\t\t\t<div class=\"elementor-widget-container\">\n\t\t\t\t\t\t\t\t\t\t\t\t\t\t\t<img fetchpriority=\"high\" decoding=\"async\" width=\"800\" height=\"354\" src=\"https:\/\/ws24.ws\/ba\/wp-content\/uploads\/2022\/01\/https-1024x453.jpg\" class=\"attachment-large size-large wp-image-3887\" alt=\"https sigurnosni certifikat\" srcset=\"https:\/\/ws24.ws\/ba\/wp-content\/uploads\/2022\/01\/https-1024x453.jpg 1024w, https:\/\/ws24.ws\/ba\/wp-content\/uploads\/2022\/01\/https-300x133.jpg 300w, https:\/\/ws24.ws\/ba\/wp-content\/uploads\/2022\/01\/https-768x340.jpg 768w, https:\/\/ws24.ws\/ba\/wp-content\/uploads\/2022\/01\/https-1536x679.jpg 1536w, https:\/\/ws24.ws\/ba\/wp-content\/uploads\/2022\/01\/https.jpg 1920w\" sizes=\"(max-width: 800px) 100vw, 800px\" \/>\t\t\t\t\t\t\t\t\t\t\t\t\t\t\t<\/div>\n\t\t\t\t<\/div>\n\t\t\t\t\t<\/div>\n\t\t<\/div>\n\t\t\t\t\t<\/div>\n\t\t<\/section>\n\t\t\t\t<section class=\"elementor-section elementor-top-section elementor-element elementor-element-daacb8b elementor-section-boxed elementor-section-height-default elementor-section-height-default\" data-id=\"daacb8b\" data-element_type=\"section\">\n\t\t\t\t\t\t<div class=\"elementor-container elementor-column-gap-default\">\n\t\t\t\t\t<div class=\"elementor-column elementor-col-100 elementor-top-column elementor-element elementor-element-37af1f2\" data-id=\"37af1f2\" data-element_type=\"column\">\n\t\t\t<div class=\"elementor-widget-wrap elementor-element-populated\">\n\t\t\t\t\t\t<div class=\"elementor-element elementor-element-c5147d8 elementor-widget elementor-widget-heading\" data-id=\"c5147d8\" data-element_type=\"widget\" data-widget_type=\"heading.default\">\n\t\t\t\t<div class=\"elementor-widget-container\">\n\t\t\t\t\t<h3 class=\"elementor-heading-title elementor-size-default\">\u0160ta je https protokol i SSL sigurnosni certifikat i za\u0161to je potreban ?<\/h3>\t\t\t\t<\/div>\n\t\t\t\t<\/div>\n\t\t\t\t<div class=\"elementor-element elementor-element-fd086ea elementor-widget elementor-widget-text-editor\" data-id=\"fd086ea\" data-element_type=\"widget\" data-widget_type=\"text-editor.default\">\n\t\t\t\t<div class=\"elementor-widget-container\">\n\t\t\t\t\t\t\t\t\t<p>https protokol i SSL sigurnosni certifikat (en. HyperText Transfer Protocol Secure) je nastao kombinacijom HTTP s\u00a0 SSL\/TLS protokola. To su sigurnosna pravila za prenos podaka od mjesta gdje se nalaze podaci web sajta pa do korisnika ili posjetioca.<\/p><p>Web adresa (domena) sa sigurnosnim certifikatom u kombinaciji sa drugom za\u0161titom, dodatno osigurava od zlonamjernih napada na sajt.\u00a0<\/p>\t\t\t\t\t\t\t\t<\/div>\n\t\t\t\t<\/div>\n\t\t\t\t\t<\/div>\n\t\t<\/div>\n\t\t\t\t\t<\/div>\n\t\t<\/section>\n\t\t\t\t<section class=\"elementor-section elementor-top-section elementor-element elementor-element-d0bdb55 elementor-section-boxed elementor-section-height-default elementor-section-height-default\" data-id=\"d0bdb55\" data-element_type=\"section\">\n\t\t\t\t\t\t<div class=\"elementor-container elementor-column-gap-default\">\n\t\t\t\t\t<div class=\"elementor-column elementor-col-50 elementor-top-column elementor-element elementor-element-cf00fd8\" data-id=\"cf00fd8\" data-element_type=\"column\">\n\t\t\t<div class=\"elementor-widget-wrap elementor-element-populated\">\n\t\t\t\t\t\t<div class=\"elementor-element elementor-element-97a2e3a elementor-widget elementor-widget-heading\" data-id=\"97a2e3a\" data-element_type=\"widget\" data-widget_type=\"heading.default\">\n\t\t\t\t<div class=\"elementor-widget-container\">\n\t\t\t\t\t<h3 class=\"elementor-heading-title elementor-size-default\">Kako prepoznati https protokol i SSL sigurnosni certifikat? <span style=\"color: var( --e-global-color-text );font-family: var( --e-global-typography-primary-font-family ), Sans-serif;font-weight: var( --e-global-typography-primary-font-weight )\"><\/span><br><\/h3>\t\t\t\t<\/div>\n\t\t\t\t<\/div>\n\t\t\t\t<div class=\"elementor-element elementor-element-289ea90 elementor-widget elementor-widget-text-editor\" data-id=\"289ea90\" data-element_type=\"widget\" data-widget_type=\"text-editor.default\">\n\t\t\t\t<div class=\"elementor-widget-container\">\n\t\t\t\t\t\t\t\t\t<p>Prepozna\u0107ete taj vid za\u0161tite u oznakama prije samog imena domene. Dodano je slovo \u201c<strong>S<\/strong>\u201d (eng. Secure) u prevodu \u201csiguran\u201d.<\/p><p><strong>Primjer<\/strong>: http<strong>S<\/strong>:\/\/www.vasafirma.com\u00a0 umjesto\u00a0 http:\/\/www.vasafirma.com<\/p><p>Sve vi\u0161e korisnika interneta prilikom posjete web stranicama skrene pogled u gornji lijevi ugao preglednika kako bi provjerili da li na adresi domene ima https i znak zaklju\u010danog katanca ili lokota.<\/p><p>\u00a0<\/p>\t\t\t\t\t\t\t\t<\/div>\n\t\t\t\t<\/div>\n\t\t\t\t<div class=\"elementor-element elementor-element-b8706f7 elementor-widget elementor-widget-image\" data-id=\"b8706f7\" data-element_type=\"widget\" data-widget_type=\"image.default\">\n\t\t\t\t<div class=\"elementor-widget-container\">\n\t\t\t\t\t\t\t\t\t\t\t\t\t\t\t<img decoding=\"async\" width=\"314\" height=\"41\" src=\"https:\/\/ws24.ws\/ba\/wp-content\/uploads\/2022\/01\/Capture.jpg\" class=\"attachment-large size-large wp-image-3955\" alt=\"https\" srcset=\"https:\/\/ws24.ws\/ba\/wp-content\/uploads\/2022\/01\/Capture.jpg 314w, https:\/\/ws24.ws\/ba\/wp-content\/uploads\/2022\/01\/Capture-300x39.jpg 300w\" sizes=\"(max-width: 314px) 100vw, 314px\" \/>\t\t\t\t\t\t\t\t\t\t\t\t\t\t\t<\/div>\n\t\t\t\t<\/div>\n\t\t\t\t<div class=\"elementor-element elementor-element-a772946 elementor-widget elementor-widget-text-editor\" data-id=\"a772946\" data-element_type=\"widget\" data-widget_type=\"text-editor.default\">\n\t\t\t\t<div class=\"elementor-widget-container\">\n\t\t\t\t\t\t\t\t\t<p>Sve web stranice a naro\u010dite one koje sakupljaju od korisnika osjetljive kontakt podatke putem kontakt formi ili podatke o platnim karticama putem web shopova, obavezno trebaju imati ovaj vid za\u0161tite.<\/p>\t\t\t\t\t\t\t\t<\/div>\n\t\t\t\t<\/div>\n\t\t\t\t\t<\/div>\n\t\t<\/div>\n\t\t\t\t<div class=\"elementor-column elementor-col-50 elementor-top-column elementor-element elementor-element-51fd2c9\" data-id=\"51fd2c9\" data-element_type=\"column\">\n\t\t\t<div class=\"elementor-widget-wrap elementor-element-populated\">\n\t\t\t\t\t\t<div class=\"elementor-element elementor-element-3de37a0 elementor-widget elementor-widget-image\" data-id=\"3de37a0\" data-element_type=\"widget\" data-widget_type=\"image.default\">\n\t\t\t\t<div class=\"elementor-widget-container\">\n\t\t\t\t\t\t\t\t\t\t\t\t\t\t\t<img decoding=\"async\" width=\"300\" height=\"240\" src=\"https:\/\/ws24.ws\/ba\/wp-content\/uploads\/2022\/01\/2505-300x240.jpg\" class=\"attachment-medium size-medium wp-image-3902\" alt=\"https sigurnosni certifikat\" srcset=\"https:\/\/ws24.ws\/ba\/wp-content\/uploads\/2022\/01\/2505-300x240.jpg 300w, https:\/\/ws24.ws\/ba\/wp-content\/uploads\/2022\/01\/2505-1024x819.jpg 1024w, https:\/\/ws24.ws\/ba\/wp-content\/uploads\/2022\/01\/2505-768x614.jpg 768w, https:\/\/ws24.ws\/ba\/wp-content\/uploads\/2022\/01\/2505.jpg 1350w\" sizes=\"(max-width: 300px) 100vw, 300px\" \/>\t\t\t\t\t\t\t\t\t\t\t\t\t\t\t<\/div>\n\t\t\t\t<\/div>\n\t\t\t\t\t<\/div>\n\t\t<\/div>\n\t\t\t\t\t<\/div>\n\t\t<\/section>\n\t\t\t\t<section class=\"elementor-section elementor-top-section elementor-element elementor-element-3614a00 elementor-section-boxed elementor-section-height-default elementor-section-height-default\" data-id=\"3614a00\" data-element_type=\"section\">\n\t\t\t\t\t\t<div class=\"elementor-container elementor-column-gap-default\">\n\t\t\t\t\t<div class=\"elementor-column elementor-col-100 elementor-top-column elementor-element elementor-element-e8f18a7\" data-id=\"e8f18a7\" data-element_type=\"column\">\n\t\t\t<div class=\"elementor-widget-wrap elementor-element-populated\">\n\t\t\t\t\t\t<div class=\"elementor-element elementor-element-b1bfea2 elementor-widget elementor-widget-text-editor\" data-id=\"b1bfea2\" data-element_type=\"widget\" data-widget_type=\"text-editor.default\">\n\t\t\t\t<div class=\"elementor-widget-container\">\n\t\t\t\t\t\t\t\t\t<p><span style=\"color: var( --e-global-color-text ); font-family: var( --e-global-typography-text-font-family ), Sans-serif; font-weight: var( --e-global-typography-text-font-weight ); font-size: 1rem;\">Jedna od va\u017enih principma na\u0161eg web servisa da vodi ra\u010duna o sigurnosnoj za\u0161titi podataka.\u00a0<\/span><\/p><p>Stoga svi na\u0161i korisnci obavezno uz web adresu dobijaju sigurnosni certifikat.<span style=\"color: var( --e-global-color-text ); font-family: var( --e-global-typography-text-font-family ), Sans-serif; font-weight: var( --e-global-typography-text-font-weight ); font-size: 1rem;\"><br \/><\/span><\/p><p>\u00a0<\/p>\t\t\t\t\t\t\t\t<\/div>\n\t\t\t\t<\/div>\n\t\t\t\t\t<\/div>\n\t\t<\/div>\n\t\t\t\t\t<\/div>\n\t\t<\/section>\n\t\t\t\t<\/div>\n\t\t","protected":false},"excerpt":{"rendered":"<p>https protokol i SSL sigurnosni certifikat Za sigurnost Va\u0161eg web sajta \u0160ta je https protokol i SSL sigurnosni certifikat i za\u0161to je potreban ? https protokol i SSL sigurnosni certifikat (en. HyperText Transfer Protocol Secure) je nastao kombinacijom HTTP s\u00a0 SSL\/TLS protokola. To su sigurnosna pravila za prenos podaka od mjesta gdje se nalaze podaci [&hellip;]<\/p>\n","protected":false},"author":1,"featured_media":0,"parent":0,"menu_order":0,"comment_status":"closed","ping_status":"closed","template":"elementor_header_footer","meta":{"footnotes":""},"class_list":["post-3885","page","type-page","status-publish","hentry"],"yoast_head":"<!-- This site is optimized with the Yoast SEO plugin v26.3 - https:\/\/yoast.com\/wordpress\/plugins\/seo\/ -->\n<title>https protokol i SSL sigurnosni certifikat - Web servis BiH<\/title>\n<meta name=\"description\" content=\"https protokol i SSL sigurnosni certifikat web adresi (domeni) sa drugom za\u0161titom, dodatno osigurava i \u0161titi web sajt od zlonamjernih napada.\" \/>\n<meta name=\"robots\" content=\"index, follow, max-snippet:-1, max-image-preview:large, max-video-preview:-1\" \/>\n<link rel=\"canonical\" href=\"https:\/\/ws24.ws\/ba\/https-protokol-i-ssl-sigurnosni-certifikat\/\" \/>\n<meta property=\"og:locale\" content=\"bs_BA\" \/>\n<meta property=\"og:type\" content=\"article\" \/>\n<meta property=\"og:title\" content=\"https protokol i SSL sigurnosni certifikat - Web servis BiH\" \/>\n<meta property=\"og:description\" content=\"https protokol i SSL sigurnosni certifikat web adresi (domeni) sa drugom za\u0161titom, dodatno osigurava i \u0161titi web sajt od zlonamjernih napada.\" \/>\n<meta property=\"og:url\" content=\"https:\/\/ws24.ws\/ba\/https-protokol-i-ssl-sigurnosni-certifikat\/\" \/>\n<meta property=\"og:site_name\" content=\"Web servis BiH\" \/>\n<meta property=\"article:modified_time\" content=\"2022-01-13T11:19:53+00:00\" \/>\n<meta property=\"og:image\" content=\"https:\/\/ws24.ws\/ba\/wp-content\/uploads\/2022\/01\/https-1024x453.jpg\" \/>\n<meta name=\"twitter:card\" content=\"summary_large_image\" \/>\n<meta name=\"twitter:label1\" content=\"Est. reading time\" \/>\n\t<meta name=\"twitter:data1\" content=\"2 minute\" \/>\n<script type=\"application\/ld+json\" class=\"yoast-schema-graph\">{\"@context\":\"https:\/\/schema.org\",\"@graph\":[{\"@type\":\"WebPage\",\"@id\":\"https:\/\/ws24.ws\/ba\/https-protokol-i-ssl-sigurnosni-certifikat\/\",\"url\":\"https:\/\/ws24.ws\/ba\/https-protokol-i-ssl-sigurnosni-certifikat\/\",\"name\":\"https protokol i SSL sigurnosni certifikat - Web servis BiH\",\"isPartOf\":{\"@id\":\"https:\/\/ws24.ws\/ba\/#website\"},\"primaryImageOfPage\":{\"@id\":\"https:\/\/ws24.ws\/ba\/https-protokol-i-ssl-sigurnosni-certifikat\/#primaryimage\"},\"image\":{\"@id\":\"https:\/\/ws24.ws\/ba\/https-protokol-i-ssl-sigurnosni-certifikat\/#primaryimage\"},\"thumbnailUrl\":\"https:\/\/ws24.ws\/ba\/wp-content\/uploads\/2022\/01\/https-1024x453.jpg\",\"datePublished\":\"2022-01-13T06:31:43+00:00\",\"dateModified\":\"2022-01-13T11:19:53+00:00\",\"description\":\"https protokol i SSL sigurnosni certifikat web adresi (domeni) sa drugom za\u0161titom, dodatno osigurava i \u0161titi web sajt od zlonamjernih napada.\",\"breadcrumb\":{\"@id\":\"https:\/\/ws24.ws\/ba\/https-protokol-i-ssl-sigurnosni-certifikat\/#breadcrumb\"},\"inLanguage\":\"bs-BA\",\"potentialAction\":[{\"@type\":\"ReadAction\",\"target\":[\"https:\/\/ws24.ws\/ba\/https-protokol-i-ssl-sigurnosni-certifikat\/\"]}]},{\"@type\":\"ImageObject\",\"inLanguage\":\"bs-BA\",\"@id\":\"https:\/\/ws24.ws\/ba\/https-protokol-i-ssl-sigurnosni-certifikat\/#primaryimage\",\"url\":\"https:\/\/ws24.ws\/ba\/wp-content\/uploads\/2022\/01\/https.jpg\",\"contentUrl\":\"https:\/\/ws24.ws\/ba\/wp-content\/uploads\/2022\/01\/https.jpg\",\"width\":1920,\"height\":849,\"caption\":\"https sigurnosni certifikat\"},{\"@type\":\"BreadcrumbList\",\"@id\":\"https:\/\/ws24.ws\/ba\/https-protokol-i-ssl-sigurnosni-certifikat\/#breadcrumb\",\"itemListElement\":[{\"@type\":\"ListItem\",\"position\":1,\"name\":\"Home\",\"item\":\"https:\/\/ws24.ws\/ba\/\"},{\"@type\":\"ListItem\",\"position\":2,\"name\":\"https protokol i SSL sigurnosni certifikat\"}]},{\"@type\":\"WebSite\",\"@id\":\"https:\/\/ws24.ws\/ba\/#website\",\"url\":\"https:\/\/ws24.ws\/ba\/\",\"name\":\"Web servis BiH\",\"description\":\"Izrada i odr\u017eavanje web stranica, sajtova, seo optimizacija\",\"potentialAction\":[{\"@type\":\"SearchAction\",\"target\":{\"@type\":\"EntryPoint\",\"urlTemplate\":\"https:\/\/ws24.ws\/ba\/?s={search_term_string}\"},\"query-input\":{\"@type\":\"PropertyValueSpecification\",\"valueRequired\":true,\"valueName\":\"search_term_string\"}}],\"inLanguage\":\"bs-BA\"}]}<\/script>\n<!-- \/ Yoast SEO plugin. -->","yoast_head_json":{"title":"https protokol i SSL sigurnosni certifikat - Web servis BiH","description":"https protokol i SSL sigurnosni certifikat web adresi (domeni) sa drugom za\u0161titom, dodatno osigurava i \u0161titi web sajt od zlonamjernih napada.","robots":{"index":"index","follow":"follow","max-snippet":"max-snippet:-1","max-image-preview":"max-image-preview:large","max-video-preview":"max-video-preview:-1"},"canonical":"https:\/\/ws24.ws\/ba\/https-protokol-i-ssl-sigurnosni-certifikat\/","og_locale":"bs_BA","og_type":"article","og_title":"https protokol i SSL sigurnosni certifikat - Web servis BiH","og_description":"https protokol i SSL sigurnosni certifikat web adresi (domeni) sa drugom za\u0161titom, dodatno osigurava i \u0161titi web sajt od zlonamjernih napada.","og_url":"https:\/\/ws24.ws\/ba\/https-protokol-i-ssl-sigurnosni-certifikat\/","og_site_name":"Web servis BiH","article_modified_time":"2022-01-13T11:19:53+00:00","og_image":[{"url":"https:\/\/ws24.ws\/ba\/wp-content\/uploads\/2022\/01\/https-1024x453.jpg","type":"","width":"","height":""}],"twitter_card":"summary_large_image","twitter_misc":{"Est. reading time":"2 minute"},"schema":{"@context":"https:\/\/schema.org","@graph":[{"@type":"WebPage","@id":"https:\/\/ws24.ws\/ba\/https-protokol-i-ssl-sigurnosni-certifikat\/","url":"https:\/\/ws24.ws\/ba\/https-protokol-i-ssl-sigurnosni-certifikat\/","name":"https protokol i SSL sigurnosni certifikat - Web servis BiH","isPartOf":{"@id":"https:\/\/ws24.ws\/ba\/#website"},"primaryImageOfPage":{"@id":"https:\/\/ws24.ws\/ba\/https-protokol-i-ssl-sigurnosni-certifikat\/#primaryimage"},"image":{"@id":"https:\/\/ws24.ws\/ba\/https-protokol-i-ssl-sigurnosni-certifikat\/#primaryimage"},"thumbnailUrl":"https:\/\/ws24.ws\/ba\/wp-content\/uploads\/2022\/01\/https-1024x453.jpg","datePublished":"2022-01-13T06:31:43+00:00","dateModified":"2022-01-13T11:19:53+00:00","description":"https protokol i SSL sigurnosni certifikat web adresi (domeni) sa drugom za\u0161titom, dodatno osigurava i \u0161titi web sajt od zlonamjernih napada.","breadcrumb":{"@id":"https:\/\/ws24.ws\/ba\/https-protokol-i-ssl-sigurnosni-certifikat\/#breadcrumb"},"inLanguage":"bs-BA","potentialAction":[{"@type":"ReadAction","target":["https:\/\/ws24.ws\/ba\/https-protokol-i-ssl-sigurnosni-certifikat\/"]}]},{"@type":"ImageObject","inLanguage":"bs-BA","@id":"https:\/\/ws24.ws\/ba\/https-protokol-i-ssl-sigurnosni-certifikat\/#primaryimage","url":"https:\/\/ws24.ws\/ba\/wp-content\/uploads\/2022\/01\/https.jpg","contentUrl":"https:\/\/ws24.ws\/ba\/wp-content\/uploads\/2022\/01\/https.jpg","width":1920,"height":849,"caption":"https sigurnosni certifikat"},{"@type":"BreadcrumbList","@id":"https:\/\/ws24.ws\/ba\/https-protokol-i-ssl-sigurnosni-certifikat\/#breadcrumb","itemListElement":[{"@type":"ListItem","position":1,"name":"Home","item":"https:\/\/ws24.ws\/ba\/"},{"@type":"ListItem","position":2,"name":"https protokol i SSL sigurnosni certifikat"}]},{"@type":"WebSite","@id":"https:\/\/ws24.ws\/ba\/#website","url":"https:\/\/ws24.ws\/ba\/","name":"Web servis BiH","description":"Izrada i odr\u017eavanje web stranica, sajtova, seo optimizacija","potentialAction":[{"@type":"SearchAction","target":{"@type":"EntryPoint","urlTemplate":"https:\/\/ws24.ws\/ba\/?s={search_term_string}"},"query-input":{"@type":"PropertyValueSpecification","valueRequired":true,"valueName":"search_term_string"}}],"inLanguage":"bs-BA"}]}},"_links":{"self":[{"href":"https:\/\/ws24.ws\/ba\/wp-json\/wp\/v2\/pages\/3885","targetHints":{"allow":["GET"]}}],"collection":[{"href":"https:\/\/ws24.ws\/ba\/wp-json\/wp\/v2\/pages"}],"about":[{"href":"https:\/\/ws24.ws\/ba\/wp-json\/wp\/v2\/types\/page"}],"author":[{"embeddable":true,"href":"https:\/\/ws24.ws\/ba\/wp-json\/wp\/v2\/users\/1"}],"replies":[{"embeddable":true,"href":"https:\/\/ws24.ws\/ba\/wp-json\/wp\/v2\/comments?post=3885"}],"version-history":[{"count":127,"href":"https:\/\/ws24.ws\/ba\/wp-json\/wp\/v2\/pages\/3885\/revisions"}],"predecessor-version":[{"id":4090,"href":"https:\/\/ws24.ws\/ba\/wp-json\/wp\/v2\/pages\/3885\/revisions\/4090"}],"wp:attachment":[{"href":"https:\/\/ws24.ws\/ba\/wp-json\/wp\/v2\/media?parent=3885"}],"curies":[{"name":"wp","href":"https:\/\/api.w.org\/{rel}","templated":true}]}}