{"id":2221,"date":"2022-02-07T08:37:13","date_gmt":"2022-02-07T08:37:13","guid":{"rendered":"https:\/\/ws24.ws\/hr\/?page_id=2221"},"modified":"2025-03-24T14:50:37","modified_gmt":"2025-03-24T14:50:37","slug":"redizajn-web-stranice","status":"publish","type":"page","link":"https:\/\/ws24.ws\/hr\/redizajn-web-stranice\/","title":{"rendered":"Redizajn web stranice"},"content":{"rendered":"\t\t<div data-elementor-type=\"wp-page\" data-elementor-id=\"2221\" class=\"elementor elementor-2221\" data-elementor-post-type=\"page\">\n\t\t\t\t\t\t<section class=\"elementor-section elementor-top-section elementor-element elementor-element-e498b98 elementor-section-full_width elementor-section-height-default elementor-section-height-default\" data-id=\"e498b98\" data-element_type=\"section\" data-settings=\"{&quot;background_background&quot;:&quot;classic&quot;}\">\n\t\t\t\t\t\t<div class=\"elementor-container elementor-column-gap-default\">\n\t\t\t\t\t<div class=\"elementor-column elementor-col-100 elementor-top-column elementor-element elementor-element-965da34\" data-id=\"965da34\" data-element_type=\"column\">\n\t\t\t<div class=\"elementor-widget-wrap elementor-element-populated\">\n\t\t\t\t\t\t<section class=\"elementor-section elementor-inner-section elementor-element elementor-element-4bad2e7 elementor-section-full_width elementor-section-height-default elementor-section-height-default\" data-id=\"4bad2e7\" data-element_type=\"section\">\n\t\t\t\t\t\t<div class=\"elementor-container elementor-column-gap-default\">\n\t\t\t\t\t<div class=\"elementor-column elementor-col-50 elementor-inner-column elementor-element elementor-element-6432537\" data-id=\"6432537\" data-element_type=\"column\">\n\t\t\t<div class=\"elementor-widget-wrap elementor-element-populated\">\n\t\t\t\t\t\t<div class=\"elementor-element elementor-element-257c681 elementor-widget elementor-widget-heading\" data-id=\"257c681\" data-element_type=\"widget\" data-widget_type=\"heading.default\">\n\t\t\t\t<div class=\"elementor-widget-container\">\n\t\t\t\t\t<h1 class=\"elementor-heading-title elementor-size-default\">Redizajn web stranice<\/h1>\t\t\t\t<\/div>\n\t\t\t\t<\/div>\n\t\t\t\t<div class=\"elementor-element elementor-element-152156a elementor-widget elementor-widget-heading\" data-id=\"152156a\" data-element_type=\"widget\" data-widget_type=\"heading.default\">\n\t\t\t\t<div class=\"elementor-widget-container\">\n\t\t\t\t\t<h4 class=\"elementor-heading-title elementor-size-default\">Dr\u017eite korak sa novom tehnologijom i dizajnom<\/h4>\t\t\t\t<\/div>\n\t\t\t\t<\/div>\n\t\t\t\t\t<\/div>\n\t\t<\/div>\n\t\t\t\t<div class=\"elementor-column elementor-col-50 elementor-inner-column elementor-element elementor-element-18b3e65\" data-id=\"18b3e65\" data-element_type=\"column\">\n\t\t\t<div class=\"elementor-widget-wrap elementor-element-populated\">\n\t\t\t\t\t\t<div class=\"elementor-element elementor-element-6ec28ac elementor-widget elementor-widget-image\" data-id=\"6ec28ac\" data-element_type=\"widget\" data-widget_type=\"image.default\">\n\t\t\t\t<div class=\"elementor-widget-container\">\n\t\t\t\t\t\t\t\t\t\t\t\t\t\t\t<img decoding=\"async\" src=\"https:\/\/ws24.ws\/ba\/wp-content\/uploads\/2016\/02\/billionphotos-2431105.jpg\" title=\"\" alt=\"Redizajn web sajta\" loading=\"lazy\" \/>\t\t\t\t\t\t\t\t\t\t\t\t\t\t\t<\/div>\n\t\t\t\t<\/div>\n\t\t\t\t\t<\/div>\n\t\t<\/div>\n\t\t\t\t\t<\/div>\n\t\t<\/section>\n\t\t\t\t\t<\/div>\n\t\t<\/div>\n\t\t\t\t\t<\/div>\n\t\t<\/section>\n\t\t\t\t<section class=\"elementor-section elementor-top-section elementor-element elementor-element-f02ad98 elementor-section-boxed elementor-section-height-default elementor-section-height-default\" data-id=\"f02ad98\" data-element_type=\"section\">\n\t\t\t\t\t\t<div class=\"elementor-container elementor-column-gap-default\">\n\t\t\t\t\t<div class=\"elementor-column elementor-col-100 elementor-top-column elementor-element elementor-element-c92eadc\" data-id=\"c92eadc\" data-element_type=\"column\">\n\t\t\t<div class=\"elementor-widget-wrap elementor-element-populated\">\n\t\t\t\t\t\t<div class=\"elementor-element elementor-element-de31c46 elementor-widget elementor-widget-text-editor\" data-id=\"de31c46\" data-element_type=\"widget\" data-widget_type=\"text-editor.default\">\n\t\t\t\t<div class=\"elementor-widget-container\">\n\t\t\t\t\t\t\t\t\t<p><strong>Redizajn web stranice\u00a0<\/strong>je usluga za one korisnike koji ve\u0107 imaju web stranicu, ali iz odre\u0111enih razloga nisu vi\u0161e zadovoljni njome ili im je netko drugi skrenuo pozornost na to.<\/p><p>U nastavku predstavljamo neke od <strong>\u010dinjenica<\/strong> koje treba uzeti u obzir kada donosite odluku o redizajnu web sajta.<\/p><h2>Dobri razlozi za Redizajn web stranice<\/h2><p>Postoje mnogi razlozi za\u0161to je redizajn web stranice bitno i hitno uraditi, evo samo neki od njih:<\/p><ul><li><strong>Dizajn stranice<\/strong>\u00a0je zastario pa mo\u017ee \u00a0stvarati lo\u0161u sliku o svom vlasniku. Standardi o trenutnim modnim trendovima u web dizajnu mogu se na\u0107i na internetu.<\/li><li><strong>Tehnologija<\/strong> izrade (HTML, CSS, PHP&#8230;) je prevazi\u0111ena pa mo\u017ee negativno utjecati \u00a0na pravilno prikazivanje na raznim web preglednicima i ure\u0111ajima sa kojih posjetitelji pregledaju web stranicu.<br \/>Osim toga stara tehnologija mo\u017ee stvoriti sigurnosne propuste, tako da web stranica postaje ranjiva na vanjske napade, ru\u0161enja, ubacivanja virusa i drugih zlonamjernih skripti.<\/li><li><strong><a href=\"https:\/\/ws24.ws\/hr\/odrzavanje-web-stranice\/\">Odr\u017eavanje<\/a> i a\u017euriranje web stranice nije bilo redovito.\u00a0<\/strong>\u00a0Neki podaci na stranici su postali neto\u010dni, te svojim posjetiteljima daju krive informacije koje oni mogu dalje plasirati drugima.<\/li><li><strong>Web stranica nije <a href=\"https:\/\/ws24.ws\/hr\/izrada-responsive-web-stranica-za-sve-vrste-uredaja\/\">Responsive<\/a><\/strong>, i zato se ne prikazuje pravilno na raznim ure\u0111ajima i rezolucijama desktop ra\u010dunala, laptop, tablet i mobilnih ure\u0111aja.<\/li><li><strong><a href=\"https:\/\/ws24.ws\/hr\/optimiziranje-brzine-web-stranice\/\">Brzina web stranic<\/a>a\u00a0je spora<\/strong> i time se gube mnogi posjetitelji koji ne \u017eele pretra\u017eivati spore stranice. Pravilnim redizajnom treba obavezno posti\u0107i veliku brzinu u\u010ditavanja web stranice na svim ure\u0111ajima.<\/li><li><a href=\"https:\/\/ws24.ws\/hr\/seo-optimizacija-web-stranice\/\"><strong>SEO optimizacija za najbolju poziciju na Google<\/strong><\/a>\u00a0 nije dobro ura\u0111ena ili uop\u0107e nije izvr\u0161ena. Potrebno je izvr\u0161iti On page SEO optimizaciju i to SVIH sadr\u017eaja na web stranici. To \u0107e mo\u017eda zna\u010diti da se sadr\u017eaji na stranicama moraju dopunjavati jer npr. SEO standardi zahtijevaju da na svakoj stranici bude najmanje 300 rije\u010di. Ako je manje rije\u010di, ako nema podnaslova sa klju\u010dnim rije\u010dima, ako nema slike ili ako slike nisu optimizirane i ako nisu po\u0161tovana ostala pravila SEO optimizacije onda imate dobre razloge za redizajn web stranice.<\/li><\/ul><h2>Redizajn web stranice donosi brojne koristi<\/h2><p>Redizajn web stranice donosi brojne rezultate za Vas i Va\u0161u tvrtku:<\/p><ul><li>Prvi na tra\u017eilicama<\/li><li>Velik broj posjetitelja<\/li><li>Vi\u0161e\u00a0upita, rezervacija i kontakata<\/li><li>Posjetitelji postaju korisnici<\/li><li>Pove\u0107anje\u00a0prodaje proizvoda i usluga<\/li><li>Ve\u0107a\u00a0zarada<\/li><li>Bolji ugled<\/li><\/ul><h2>Stru\u010dnjaci za Redizajn\u00a0web stranice<\/h2><p>U\u00a0nekim kompanijama se zapo\u0161ljava \u010ditav\u00a0<strong>tim ljudi<\/strong> ili najmanje jedan <strong>stru\u010dnjak (Expert)<\/strong> koji bi radio poslove:<\/p><ul><li>server administratora,<\/li><li>security expert,<\/li><li>web programera,<\/li><li>web dizajnera,<\/li><li>web administratora,<\/li><li>cms expert,<\/li><li><strong>seo expert,<\/strong><\/li><li>analytics expert,<\/li><\/ul><p>Mi Vam stavljamo <strong>na raspolaganje na\u0161 iskusni stru\u010dni tim<\/strong> za rad na redizajnu web stranice uz optimalna ulaganja sredstava koja \u0107e se sigurno isplatiti.<\/p>\t\t\t\t\t\t\t\t<\/div>\n\t\t\t\t<\/div>\n\t\t\t\t\t<\/div>\n\t\t<\/div>\n\t\t\t\t\t<\/div>\n\t\t<\/section>\n\t\t\t\t<\/div>\n\t\t","protected":false},"excerpt":{"rendered":"<p>Redizajn web stranice Dr\u017eite korak sa novom tehnologijom i dizajnom Redizajn web stranice\u00a0je usluga za one korisnike koji ve\u0107 imaju web stranicu, ali iz odre\u0111enih razloga nisu vi\u0161e zadovoljni njome ili im je netko drugi skrenuo pozornost na to. U nastavku predstavljamo neke od \u010dinjenica koje treba uzeti u obzir kada donosite odluku o redizajnu [&hellip;]<\/p>\n","protected":false},"author":1,"featured_media":0,"parent":0,"menu_order":0,"comment_status":"closed","ping_status":"closed","template":"elementor_header_footer","meta":{"footnotes":""},"class_list":["post-2221","page","type-page","status-publish","hentry"],"yoast_head":"<!-- This site is optimized with the Yoast SEO plugin v24.7 - https:\/\/yoast.com\/wordpress\/plugins\/seo\/ -->\n<title>Redizajn web stranice - Web Servis za Hrvatsku<\/title>\n<meta name=\"robots\" content=\"index, follow, max-snippet:-1, max-image-preview:large, max-video-preview:-1\" \/>\n<link rel=\"canonical\" href=\"https:\/\/ws24.ws\/hr\/redizajn-web-stranice\/\" \/>\n<meta property=\"og:locale\" content=\"hr_HR\" \/>\n<meta property=\"og:type\" content=\"article\" \/>\n<meta property=\"og:title\" content=\"Redizajn web stranice - Web Servis za Hrvatsku\" \/>\n<meta property=\"og:description\" content=\"Redizajn web stranice Dr\u017eite korak sa novom tehnologijom i dizajnom Redizajn web stranice\u00a0je usluga za one korisnike koji ve\u0107 imaju web stranicu, ali iz odre\u0111enih razloga nisu vi\u0161e zadovoljni njome ili im je netko drugi skrenuo pozornost na to. U nastavku predstavljamo neke od \u010dinjenica koje treba uzeti u obzir kada donosite odluku o redizajnu [&hellip;]\" \/>\n<meta property=\"og:url\" content=\"https:\/\/ws24.ws\/hr\/redizajn-web-stranice\/\" \/>\n<meta property=\"og:site_name\" content=\"Web Servis za Hrvatsku\" \/>\n<meta property=\"article:modified_time\" content=\"2025-03-24T14:50:37+00:00\" \/>\n<meta property=\"og:image\" content=\"https:\/\/ws24.ws\/ba\/wp-content\/uploads\/2016\/02\/billionphotos-2431105.jpg\" \/>\n<meta name=\"twitter:card\" content=\"summary_large_image\" \/>\n<meta name=\"twitter:label1\" content=\"Procijenjeno vrijeme \u010ditanja\" \/>\n\t<meta name=\"twitter:data1\" content=\"3 minute\" \/>\n<script type=\"application\/ld+json\" class=\"yoast-schema-graph\">{\"@context\":\"https:\/\/schema.org\",\"@graph\":[{\"@type\":\"WebPage\",\"@id\":\"https:\/\/ws24.ws\/hr\/redizajn-web-stranice\/\",\"url\":\"https:\/\/ws24.ws\/hr\/redizajn-web-stranice\/\",\"name\":\"Redizajn web stranice - Web Servis za Hrvatsku\",\"isPartOf\":{\"@id\":\"https:\/\/ws24.ws\/hr\/#website\"},\"primaryImageOfPage\":{\"@id\":\"https:\/\/ws24.ws\/hr\/redizajn-web-stranice\/#primaryimage\"},\"image\":{\"@id\":\"https:\/\/ws24.ws\/hr\/redizajn-web-stranice\/#primaryimage\"},\"thumbnailUrl\":\"https:\/\/ws24.ws\/ba\/wp-content\/uploads\/2016\/02\/billionphotos-2431105.jpg\",\"datePublished\":\"2022-02-07T08:37:13+00:00\",\"dateModified\":\"2025-03-24T14:50:37+00:00\",\"breadcrumb\":{\"@id\":\"https:\/\/ws24.ws\/hr\/redizajn-web-stranice\/#breadcrumb\"},\"inLanguage\":\"hr\",\"potentialAction\":[{\"@type\":\"ReadAction\",\"target\":[\"https:\/\/ws24.ws\/hr\/redizajn-web-stranice\/\"]}]},{\"@type\":\"ImageObject\",\"inLanguage\":\"hr\",\"@id\":\"https:\/\/ws24.ws\/hr\/redizajn-web-stranice\/#primaryimage\",\"url\":\"https:\/\/ws24.ws\/ba\/wp-content\/uploads\/2016\/02\/billionphotos-2431105.jpg\",\"contentUrl\":\"https:\/\/ws24.ws\/ba\/wp-content\/uploads\/2016\/02\/billionphotos-2431105.jpg\"},{\"@type\":\"BreadcrumbList\",\"@id\":\"https:\/\/ws24.ws\/hr\/redizajn-web-stranice\/#breadcrumb\",\"itemListElement\":[{\"@type\":\"ListItem\",\"position\":1,\"name\":\"Home\",\"item\":\"https:\/\/ws24.ws\/hr\/\"},{\"@type\":\"ListItem\",\"position\":2,\"name\":\"Redizajn web stranice\"}]},{\"@type\":\"WebSite\",\"@id\":\"https:\/\/ws24.ws\/hr\/#website\",\"url\":\"https:\/\/ws24.ws\/hr\/\",\"name\":\"Web Servis za Hrvatsku\",\"description\":\"Izrada i odr\u017eavanje web stranica, web trgovina, SEO optimizacija\",\"publisher\":{\"@id\":\"https:\/\/ws24.ws\/hr\/#organization\"},\"potentialAction\":[{\"@type\":\"SearchAction\",\"target\":{\"@type\":\"EntryPoint\",\"urlTemplate\":\"https:\/\/ws24.ws\/hr\/?s={search_term_string}\"},\"query-input\":{\"@type\":\"PropertyValueSpecification\",\"valueRequired\":true,\"valueName\":\"search_term_string\"}}],\"inLanguage\":\"hr\"},{\"@type\":\"Organization\",\"@id\":\"https:\/\/ws24.ws\/hr\/#organization\",\"name\":\"Web Servis za Hrvatsku\",\"url\":\"https:\/\/ws24.ws\/hr\/\",\"logo\":{\"@type\":\"ImageObject\",\"inLanguage\":\"hr\",\"@id\":\"https:\/\/ws24.ws\/hr\/#\/schema\/logo\/image\/\",\"url\":\"https:\/\/ws24.ws\/hr\/wp-content\/uploads\/2022\/02\/cropped-Logo-ws2.png\",\"contentUrl\":\"https:\/\/ws24.ws\/hr\/wp-content\/uploads\/2022\/02\/cropped-Logo-ws2.png\",\"width\":545,\"height\":137,\"caption\":\"Web Servis za Hrvatsku\"},\"image\":{\"@id\":\"https:\/\/ws24.ws\/hr\/#\/schema\/logo\/image\/\"}}]}<\/script>\n<!-- \/ Yoast SEO plugin. -->","yoast_head_json":{"title":"Redizajn web stranice - Web Servis za Hrvatsku","robots":{"index":"index","follow":"follow","max-snippet":"max-snippet:-1","max-image-preview":"max-image-preview:large","max-video-preview":"max-video-preview:-1"},"canonical":"https:\/\/ws24.ws\/hr\/redizajn-web-stranice\/","og_locale":"hr_HR","og_type":"article","og_title":"Redizajn web stranice - Web Servis za Hrvatsku","og_description":"Redizajn web stranice Dr\u017eite korak sa novom tehnologijom i dizajnom Redizajn web stranice\u00a0je usluga za one korisnike koji ve\u0107 imaju web stranicu, ali iz odre\u0111enih razloga nisu vi\u0161e zadovoljni njome ili im je netko drugi skrenuo pozornost na to. U nastavku predstavljamo neke od \u010dinjenica koje treba uzeti u obzir kada donosite odluku o redizajnu [&hellip;]","og_url":"https:\/\/ws24.ws\/hr\/redizajn-web-stranice\/","og_site_name":"Web Servis za Hrvatsku","article_modified_time":"2025-03-24T14:50:37+00:00","og_image":[{"url":"https:\/\/ws24.ws\/ba\/wp-content\/uploads\/2016\/02\/billionphotos-2431105.jpg","type":"","width":"","height":""}],"twitter_card":"summary_large_image","twitter_misc":{"Procijenjeno vrijeme \u010ditanja":"3 minute"},"schema":{"@context":"https:\/\/schema.org","@graph":[{"@type":"WebPage","@id":"https:\/\/ws24.ws\/hr\/redizajn-web-stranice\/","url":"https:\/\/ws24.ws\/hr\/redizajn-web-stranice\/","name":"Redizajn web stranice - Web Servis za Hrvatsku","isPartOf":{"@id":"https:\/\/ws24.ws\/hr\/#website"},"primaryImageOfPage":{"@id":"https:\/\/ws24.ws\/hr\/redizajn-web-stranice\/#primaryimage"},"image":{"@id":"https:\/\/ws24.ws\/hr\/redizajn-web-stranice\/#primaryimage"},"thumbnailUrl":"https:\/\/ws24.ws\/ba\/wp-content\/uploads\/2016\/02\/billionphotos-2431105.jpg","datePublished":"2022-02-07T08:37:13+00:00","dateModified":"2025-03-24T14:50:37+00:00","breadcrumb":{"@id":"https:\/\/ws24.ws\/hr\/redizajn-web-stranice\/#breadcrumb"},"inLanguage":"hr","potentialAction":[{"@type":"ReadAction","target":["https:\/\/ws24.ws\/hr\/redizajn-web-stranice\/"]}]},{"@type":"ImageObject","inLanguage":"hr","@id":"https:\/\/ws24.ws\/hr\/redizajn-web-stranice\/#primaryimage","url":"https:\/\/ws24.ws\/ba\/wp-content\/uploads\/2016\/02\/billionphotos-2431105.jpg","contentUrl":"https:\/\/ws24.ws\/ba\/wp-content\/uploads\/2016\/02\/billionphotos-2431105.jpg"},{"@type":"BreadcrumbList","@id":"https:\/\/ws24.ws\/hr\/redizajn-web-stranice\/#breadcrumb","itemListElement":[{"@type":"ListItem","position":1,"name":"Home","item":"https:\/\/ws24.ws\/hr\/"},{"@type":"ListItem","position":2,"name":"Redizajn web stranice"}]},{"@type":"WebSite","@id":"https:\/\/ws24.ws\/hr\/#website","url":"https:\/\/ws24.ws\/hr\/","name":"Web Servis za Hrvatsku","description":"Izrada i odr\u017eavanje web stranica, web trgovina, SEO optimizacija","publisher":{"@id":"https:\/\/ws24.ws\/hr\/#organization"},"potentialAction":[{"@type":"SearchAction","target":{"@type":"EntryPoint","urlTemplate":"https:\/\/ws24.ws\/hr\/?s={search_term_string}"},"query-input":{"@type":"PropertyValueSpecification","valueRequired":true,"valueName":"search_term_string"}}],"inLanguage":"hr"},{"@type":"Organization","@id":"https:\/\/ws24.ws\/hr\/#organization","name":"Web Servis za Hrvatsku","url":"https:\/\/ws24.ws\/hr\/","logo":{"@type":"ImageObject","inLanguage":"hr","@id":"https:\/\/ws24.ws\/hr\/#\/schema\/logo\/image\/","url":"https:\/\/ws24.ws\/hr\/wp-content\/uploads\/2022\/02\/cropped-Logo-ws2.png","contentUrl":"https:\/\/ws24.ws\/hr\/wp-content\/uploads\/2022\/02\/cropped-Logo-ws2.png","width":545,"height":137,"caption":"Web Servis za Hrvatsku"},"image":{"@id":"https:\/\/ws24.ws\/hr\/#\/schema\/logo\/image\/"}}]}},"_links":{"self":[{"href":"https:\/\/ws24.ws\/hr\/wp-json\/wp\/v2\/pages\/2221","targetHints":{"allow":["GET"]}}],"collection":[{"href":"https:\/\/ws24.ws\/hr\/wp-json\/wp\/v2\/pages"}],"about":[{"href":"https:\/\/ws24.ws\/hr\/wp-json\/wp\/v2\/types\/page"}],"author":[{"embeddable":true,"href":"https:\/\/ws24.ws\/hr\/wp-json\/wp\/v2\/users\/1"}],"replies":[{"embeddable":true,"href":"https:\/\/ws24.ws\/hr\/wp-json\/wp\/v2\/comments?post=2221"}],"version-history":[{"count":25,"href":"https:\/\/ws24.ws\/hr\/wp-json\/wp\/v2\/pages\/2221\/revisions"}],"predecessor-version":[{"id":3245,"href":"https:\/\/ws24.ws\/hr\/wp-json\/wp\/v2\/pages\/2221\/revisions\/3245"}],"wp:attachment":[{"href":"https:\/\/ws24.ws\/hr\/wp-json\/wp\/v2\/media?parent=2221"}],"curies":[{"name":"wp","href":"https:\/\/api.w.org\/{rel}","templated":true}]}}