{"id":2279,"date":"2022-02-07T15:11:42","date_gmt":"2022-02-07T15:11:42","guid":{"rendered":"https:\/\/ws24.ws\/hr\/?page_id=2279"},"modified":"2022-02-07T15:27:26","modified_gmt":"2022-02-07T15:27:26","slug":"izrada-responsive-web-stranica-za-sve-vrste-uredaja","status":"publish","type":"page","link":"https:\/\/ws24.ws\/hr\/izrada-responsive-web-stranica-za-sve-vrste-uredaja\/","title":{"rendered":"Izrada Responsive web stranica za sve vrste ure\u0111aja"},"content":{"rendered":"\t\t<div data-elementor-type=\"wp-page\" data-elementor-id=\"2279\" class=\"elementor elementor-2279\" data-elementor-post-type=\"page\">\n\t\t\t\t\t\t<section class=\"elementor-section elementor-top-section elementor-element elementor-element-b88000c elementor-section-full_width elementor-section-height-default elementor-section-height-default\" data-id=\"b88000c\" data-element_type=\"section\" data-settings=\"{&quot;background_background&quot;:&quot;classic&quot;}\">\n\t\t\t\t\t\t<div class=\"elementor-container elementor-column-gap-default\">\n\t\t\t\t\t<div class=\"elementor-column elementor-col-100 elementor-top-column elementor-element elementor-element-7ee070c\" data-id=\"7ee070c\" data-element_type=\"column\">\n\t\t\t<div class=\"elementor-widget-wrap elementor-element-populated\">\n\t\t\t\t\t\t<section class=\"elementor-section elementor-inner-section elementor-element elementor-element-a98b44d elementor-section-full_width elementor-section-height-default elementor-section-height-default\" data-id=\"a98b44d\" data-element_type=\"section\">\n\t\t\t\t\t\t<div class=\"elementor-container elementor-column-gap-default\">\n\t\t\t\t\t<div class=\"elementor-column elementor-col-50 elementor-inner-column elementor-element elementor-element-364649c\" data-id=\"364649c\" data-element_type=\"column\">\n\t\t\t<div class=\"elementor-widget-wrap elementor-element-populated\">\n\t\t\t\t\t\t<div class=\"elementor-element elementor-element-72d8b7d elementor-widget elementor-widget-heading\" data-id=\"72d8b7d\" data-element_type=\"widget\" data-widget_type=\"heading.default\">\n\t\t\t\t<div class=\"elementor-widget-container\">\n\t\t\t\t\t<h1 class=\"elementor-heading-title elementor-size-default\">Responsive web stranica<\/h1>\t\t\t\t<\/div>\n\t\t\t\t<\/div>\n\t\t\t\t<div class=\"elementor-element elementor-element-ddf27b3 elementor-widget elementor-widget-heading\" data-id=\"ddf27b3\" data-element_type=\"widget\" data-widget_type=\"heading.default\">\n\t\t\t\t<div class=\"elementor-widget-container\">\n\t\t\t\t\t<h4 class=\"elementor-heading-title elementor-size-default\">Pravilno prikazana na svim ure\u0111ajima i preglednicima<\/h4>\t\t\t\t<\/div>\n\t\t\t\t<\/div>\n\t\t\t\t\t<\/div>\n\t\t<\/div>\n\t\t\t\t<div class=\"elementor-column elementor-col-50 elementor-inner-column elementor-element elementor-element-cbe694c\" data-id=\"cbe694c\" data-element_type=\"column\">\n\t\t\t<div class=\"elementor-widget-wrap elementor-element-populated\">\n\t\t\t\t\t\t<div class=\"elementor-element elementor-element-3f2f2e5 elementor-widget elementor-widget-image\" data-id=\"3f2f2e5\" data-element_type=\"widget\" data-widget_type=\"image.default\">\n\t\t\t\t<div class=\"elementor-widget-container\">\n\t\t\t\t\t\t\t\t\t\t\t\t\t\t\t<img decoding=\"async\" src=\"https:\/\/ws24.ws\/ba\/wp-content\/uploads\/2022\/01\/Responsive-web-sajt.jpg\" title=\"\" alt=\"\" loading=\"lazy\" \/>\t\t\t\t\t\t\t\t\t\t\t\t\t\t\t<\/div>\n\t\t\t\t<\/div>\n\t\t\t\t\t<\/div>\n\t\t<\/div>\n\t\t\t\t\t<\/div>\n\t\t<\/section>\n\t\t\t\t\t<\/div>\n\t\t<\/div>\n\t\t\t\t\t<\/div>\n\t\t<\/section>\n\t\t\t\t<section class=\"elementor-section elementor-top-section elementor-element elementor-element-f878dc1 elementor-section-boxed elementor-section-height-default elementor-section-height-default\" data-id=\"f878dc1\" data-element_type=\"section\">\n\t\t\t\t\t\t<div class=\"elementor-container elementor-column-gap-default\">\n\t\t\t\t\t<div class=\"elementor-column elementor-col-100 elementor-top-column elementor-element elementor-element-0dc32b9\" data-id=\"0dc32b9\" data-element_type=\"column\">\n\t\t\t<div class=\"elementor-widget-wrap elementor-element-populated\">\n\t\t\t\t\t\t<div class=\"elementor-element elementor-element-609a2a0 elementor-widget elementor-widget-text-editor\" data-id=\"609a2a0\" data-element_type=\"widget\" data-widget_type=\"text-editor.default\">\n\t\t\t\t<div class=\"elementor-widget-container\">\n\t\t\t\t\t\t\t\t\t<p><strong>Izrada Responsive web stranica za sve vrste ure\u0111aja <\/strong>danas je veoma bitna usluga jer ima sve ve\u0107i broj korisnika interneta koji pretra\u017euju web stranice\u00a0i\u00a0putem mobilnih ure\u0111aja.<\/p><p>Zbog brzog razvoja tehnologije, danas imamo razli\u010dite vrste elektroni\u010dkih ure\u0111aja sa razli\u010ditim rezolucijama i veli\u010dinama ekrana. Stoga je neophodna izrada <strong>r<\/strong><strong>esponsive web stranica.<\/strong><\/p><p><\/p><\/div><\/div><\/div><\/div><\/div><\/section><\/div> <a href=\"https:\/\/ws24.ws\/hr\/izrada-responsive-web-stranica-za-sve-vrste-uredaja\/#more-2279\" class=\"more-link elementor-more-link\"><span aria-label=\"Nastavi \u010ditanje Izrada Responsive web stranica za sve vrste ure\u0111aja\">(more&hellip;)<\/span><\/a>","protected":false},"excerpt":{"rendered":"<p>Responsive web stranica Pravilno prikazana na svim ure\u0111ajima i preglednicima Izrada Responsive web stranica za sve vrste ure\u0111aja danas je veoma bitna usluga jer ima sve ve\u0107i broj korisnika interneta koji pretra\u017euju web stranice\u00a0i\u00a0putem mobilnih ure\u0111aja. Zbog brzog razvoja tehnologije, danas imamo razli\u010dite vrste elektroni\u010dkih ure\u0111aja sa razli\u010ditim rezolucijama i veli\u010dinama ekrana. Stoga je neophodna [&hellip;]<\/p>\n","protected":false},"author":1,"featured_media":0,"parent":0,"menu_order":0,"comment_status":"closed","ping_status":"closed","template":"elementor_header_footer","meta":{"footnotes":""},"class_list":["post-2279","page","type-page","status-publish","hentry"],"yoast_head":"<!-- This site is optimized with the Yoast SEO plugin v24.7 - https:\/\/yoast.com\/wordpress\/plugins\/seo\/ -->\n<title>Izrada Responsive web stranica za sve vrste ure\u0111aja - Web Servis za Hrvatsku<\/title>\n<meta name=\"robots\" content=\"index, follow, max-snippet:-1, max-image-preview:large, max-video-preview:-1\" \/>\n<link rel=\"canonical\" href=\"https:\/\/ws24.ws\/hr\/izrada-responsive-web-stranica-za-sve-vrste-uredaja\/\" \/>\n<meta property=\"og:locale\" content=\"hr_HR\" \/>\n<meta property=\"og:type\" content=\"article\" \/>\n<meta property=\"og:title\" content=\"Izrada Responsive web stranica za sve vrste ure\u0111aja - Web Servis za Hrvatsku\" \/>\n<meta property=\"og:description\" content=\"Responsive web stranica Pravilno prikazana na svim ure\u0111ajima i preglednicima Izrada Responsive web stranica za sve vrste ure\u0111aja danas je veoma bitna usluga jer ima sve ve\u0107i broj korisnika interneta koji pretra\u017euju web stranice\u00a0i\u00a0putem mobilnih ure\u0111aja. Zbog brzog razvoja tehnologije, danas imamo razli\u010dite vrste elektroni\u010dkih ure\u0111aja sa razli\u010ditim rezolucijama i veli\u010dinama ekrana. Stoga je neophodna [&hellip;]\" \/>\n<meta property=\"og:url\" content=\"https:\/\/ws24.ws\/hr\/izrada-responsive-web-stranica-za-sve-vrste-uredaja\/\" \/>\n<meta property=\"og:site_name\" content=\"Web Servis za Hrvatsku\" \/>\n<meta property=\"article:modified_time\" content=\"2022-02-07T15:27:26+00:00\" \/>\n<meta property=\"og:image\" content=\"https:\/\/ws24.ws\/ba\/wp-content\/uploads\/2022\/01\/Responsive-web-sajt.jpg\" \/>\n<meta name=\"twitter:card\" content=\"summary_large_image\" \/>\n<meta name=\"twitter:label1\" content=\"Procijenjeno vrijeme \u010ditanja\" \/>\n\t<meta name=\"twitter:data1\" content=\"3 minute\" \/>\n<script type=\"application\/ld+json\" class=\"yoast-schema-graph\">{\"@context\":\"https:\/\/schema.org\",\"@graph\":[{\"@type\":\"WebPage\",\"@id\":\"https:\/\/ws24.ws\/hr\/izrada-responsive-web-stranica-za-sve-vrste-uredaja\/\",\"url\":\"https:\/\/ws24.ws\/hr\/izrada-responsive-web-stranica-za-sve-vrste-uredaja\/\",\"name\":\"Izrada Responsive web stranica za sve vrste ure\u0111aja - Web Servis za Hrvatsku\",\"isPartOf\":{\"@id\":\"https:\/\/ws24.ws\/hr\/#website\"},\"primaryImageOfPage\":{\"@id\":\"https:\/\/ws24.ws\/hr\/izrada-responsive-web-stranica-za-sve-vrste-uredaja\/#primaryimage\"},\"image\":{\"@id\":\"https:\/\/ws24.ws\/hr\/izrada-responsive-web-stranica-za-sve-vrste-uredaja\/#primaryimage\"},\"thumbnailUrl\":\"https:\/\/ws24.ws\/ba\/wp-content\/uploads\/2022\/01\/Responsive-web-sajt.jpg\",\"datePublished\":\"2022-02-07T15:11:42+00:00\",\"dateModified\":\"2022-02-07T15:27:26+00:00\",\"breadcrumb\":{\"@id\":\"https:\/\/ws24.ws\/hr\/izrada-responsive-web-stranica-za-sve-vrste-uredaja\/#breadcrumb\"},\"inLanguage\":\"hr\",\"potentialAction\":[{\"@type\":\"ReadAction\",\"target\":[\"https:\/\/ws24.ws\/hr\/izrada-responsive-web-stranica-za-sve-vrste-uredaja\/\"]}]},{\"@type\":\"ImageObject\",\"inLanguage\":\"hr\",\"@id\":\"https:\/\/ws24.ws\/hr\/izrada-responsive-web-stranica-za-sve-vrste-uredaja\/#primaryimage\",\"url\":\"https:\/\/ws24.ws\/ba\/wp-content\/uploads\/2022\/01\/Responsive-web-sajt.jpg\",\"contentUrl\":\"https:\/\/ws24.ws\/ba\/wp-content\/uploads\/2022\/01\/Responsive-web-sajt.jpg\"},{\"@type\":\"BreadcrumbList\",\"@id\":\"https:\/\/ws24.ws\/hr\/izrada-responsive-web-stranica-za-sve-vrste-uredaja\/#breadcrumb\",\"itemListElement\":[{\"@type\":\"ListItem\",\"position\":1,\"name\":\"Home\",\"item\":\"https:\/\/ws24.ws\/hr\/\"},{\"@type\":\"ListItem\",\"position\":2,\"name\":\"Izrada Responsive web stranica za sve vrste ure\u0111aja\"}]},{\"@type\":\"WebSite\",\"@id\":\"https:\/\/ws24.ws\/hr\/#website\",\"url\":\"https:\/\/ws24.ws\/hr\/\",\"name\":\"Web Servis za Hrvatsku\",\"description\":\"Izrada i odr\u017eavanje web stranica, web trgovina, SEO optimizacija\",\"publisher\":{\"@id\":\"https:\/\/ws24.ws\/hr\/#organization\"},\"potentialAction\":[{\"@type\":\"SearchAction\",\"target\":{\"@type\":\"EntryPoint\",\"urlTemplate\":\"https:\/\/ws24.ws\/hr\/?s={search_term_string}\"},\"query-input\":{\"@type\":\"PropertyValueSpecification\",\"valueRequired\":true,\"valueName\":\"search_term_string\"}}],\"inLanguage\":\"hr\"},{\"@type\":\"Organization\",\"@id\":\"https:\/\/ws24.ws\/hr\/#organization\",\"name\":\"Web Servis za Hrvatsku\",\"url\":\"https:\/\/ws24.ws\/hr\/\",\"logo\":{\"@type\":\"ImageObject\",\"inLanguage\":\"hr\",\"@id\":\"https:\/\/ws24.ws\/hr\/#\/schema\/logo\/image\/\",\"url\":\"https:\/\/ws24.ws\/hr\/wp-content\/uploads\/2022\/02\/cropped-Logo-ws2.png\",\"contentUrl\":\"https:\/\/ws24.ws\/hr\/wp-content\/uploads\/2022\/02\/cropped-Logo-ws2.png\",\"width\":545,\"height\":137,\"caption\":\"Web Servis za Hrvatsku\"},\"image\":{\"@id\":\"https:\/\/ws24.ws\/hr\/#\/schema\/logo\/image\/\"}}]}<\/script>\n<!-- \/ Yoast SEO plugin. -->","yoast_head_json":{"title":"Izrada Responsive web stranica za sve vrste ure\u0111aja - Web Servis za Hrvatsku","robots":{"index":"index","follow":"follow","max-snippet":"max-snippet:-1","max-image-preview":"max-image-preview:large","max-video-preview":"max-video-preview:-1"},"canonical":"https:\/\/ws24.ws\/hr\/izrada-responsive-web-stranica-za-sve-vrste-uredaja\/","og_locale":"hr_HR","og_type":"article","og_title":"Izrada Responsive web stranica za sve vrste ure\u0111aja - Web Servis za Hrvatsku","og_description":"Responsive web stranica Pravilno prikazana na svim ure\u0111ajima i preglednicima Izrada Responsive web stranica za sve vrste ure\u0111aja danas je veoma bitna usluga jer ima sve ve\u0107i broj korisnika interneta koji pretra\u017euju web stranice\u00a0i\u00a0putem mobilnih ure\u0111aja. Zbog brzog razvoja tehnologije, danas imamo razli\u010dite vrste elektroni\u010dkih ure\u0111aja sa razli\u010ditim rezolucijama i veli\u010dinama ekrana. Stoga je neophodna [&hellip;]","og_url":"https:\/\/ws24.ws\/hr\/izrada-responsive-web-stranica-za-sve-vrste-uredaja\/","og_site_name":"Web Servis za Hrvatsku","article_modified_time":"2022-02-07T15:27:26+00:00","og_image":[{"url":"https:\/\/ws24.ws\/ba\/wp-content\/uploads\/2022\/01\/Responsive-web-sajt.jpg","type":"","width":"","height":""}],"twitter_card":"summary_large_image","twitter_misc":{"Procijenjeno vrijeme \u010ditanja":"3 minute"},"schema":{"@context":"https:\/\/schema.org","@graph":[{"@type":"WebPage","@id":"https:\/\/ws24.ws\/hr\/izrada-responsive-web-stranica-za-sve-vrste-uredaja\/","url":"https:\/\/ws24.ws\/hr\/izrada-responsive-web-stranica-za-sve-vrste-uredaja\/","name":"Izrada Responsive web stranica za sve vrste ure\u0111aja - Web Servis za Hrvatsku","isPartOf":{"@id":"https:\/\/ws24.ws\/hr\/#website"},"primaryImageOfPage":{"@id":"https:\/\/ws24.ws\/hr\/izrada-responsive-web-stranica-za-sve-vrste-uredaja\/#primaryimage"},"image":{"@id":"https:\/\/ws24.ws\/hr\/izrada-responsive-web-stranica-za-sve-vrste-uredaja\/#primaryimage"},"thumbnailUrl":"https:\/\/ws24.ws\/ba\/wp-content\/uploads\/2022\/01\/Responsive-web-sajt.jpg","datePublished":"2022-02-07T15:11:42+00:00","dateModified":"2022-02-07T15:27:26+00:00","breadcrumb":{"@id":"https:\/\/ws24.ws\/hr\/izrada-responsive-web-stranica-za-sve-vrste-uredaja\/#breadcrumb"},"inLanguage":"hr","potentialAction":[{"@type":"ReadAction","target":["https:\/\/ws24.ws\/hr\/izrada-responsive-web-stranica-za-sve-vrste-uredaja\/"]}]},{"@type":"ImageObject","inLanguage":"hr","@id":"https:\/\/ws24.ws\/hr\/izrada-responsive-web-stranica-za-sve-vrste-uredaja\/#primaryimage","url":"https:\/\/ws24.ws\/ba\/wp-content\/uploads\/2022\/01\/Responsive-web-sajt.jpg","contentUrl":"https:\/\/ws24.ws\/ba\/wp-content\/uploads\/2022\/01\/Responsive-web-sajt.jpg"},{"@type":"BreadcrumbList","@id":"https:\/\/ws24.ws\/hr\/izrada-responsive-web-stranica-za-sve-vrste-uredaja\/#breadcrumb","itemListElement":[{"@type":"ListItem","position":1,"name":"Home","item":"https:\/\/ws24.ws\/hr\/"},{"@type":"ListItem","position":2,"name":"Izrada Responsive web stranica za sve vrste ure\u0111aja"}]},{"@type":"WebSite","@id":"https:\/\/ws24.ws\/hr\/#website","url":"https:\/\/ws24.ws\/hr\/","name":"Web Servis za Hrvatsku","description":"Izrada i odr\u017eavanje web stranica, web trgovina, SEO optimizacija","publisher":{"@id":"https:\/\/ws24.ws\/hr\/#organization"},"potentialAction":[{"@type":"SearchAction","target":{"@type":"EntryPoint","urlTemplate":"https:\/\/ws24.ws\/hr\/?s={search_term_string}"},"query-input":{"@type":"PropertyValueSpecification","valueRequired":true,"valueName":"search_term_string"}}],"inLanguage":"hr"},{"@type":"Organization","@id":"https:\/\/ws24.ws\/hr\/#organization","name":"Web Servis za Hrvatsku","url":"https:\/\/ws24.ws\/hr\/","logo":{"@type":"ImageObject","inLanguage":"hr","@id":"https:\/\/ws24.ws\/hr\/#\/schema\/logo\/image\/","url":"https:\/\/ws24.ws\/hr\/wp-content\/uploads\/2022\/02\/cropped-Logo-ws2.png","contentUrl":"https:\/\/ws24.ws\/hr\/wp-content\/uploads\/2022\/02\/cropped-Logo-ws2.png","width":545,"height":137,"caption":"Web Servis za Hrvatsku"},"image":{"@id":"https:\/\/ws24.ws\/hr\/#\/schema\/logo\/image\/"}}]}},"_links":{"self":[{"href":"https:\/\/ws24.ws\/hr\/wp-json\/wp\/v2\/pages\/2279","targetHints":{"allow":["GET"]}}],"collection":[{"href":"https:\/\/ws24.ws\/hr\/wp-json\/wp\/v2\/pages"}],"about":[{"href":"https:\/\/ws24.ws\/hr\/wp-json\/wp\/v2\/types\/page"}],"author":[{"embeddable":true,"href":"https:\/\/ws24.ws\/hr\/wp-json\/wp\/v2\/users\/1"}],"replies":[{"embeddable":true,"href":"https:\/\/ws24.ws\/hr\/wp-json\/wp\/v2\/comments?post=2279"}],"version-history":[{"count":5,"href":"https:\/\/ws24.ws\/hr\/wp-json\/wp\/v2\/pages\/2279\/revisions"}],"predecessor-version":[{"id":3246,"href":"https:\/\/ws24.ws\/hr\/wp-json\/wp\/v2\/pages\/2279\/revisions\/3246"}],"wp:attachment":[{"href":"https:\/\/ws24.ws\/hr\/wp-json\/wp\/v2\/media?parent=2279"}],"curies":[{"name":"wp","href":"https:\/\/api.w.org\/{rel}","templated":true}]}}