{"id":2287,"date":"2022-02-07T15:33:41","date_gmt":"2022-02-07T15:33:41","guid":{"rendered":"https:\/\/ws24.ws\/hr\/?page_id=2287"},"modified":"2022-02-07T15:38:08","modified_gmt":"2022-02-07T15:38:08","slug":"izrada-web-stranice","status":"publish","type":"page","link":"https:\/\/ws24.ws\/hr\/izrada-web-stranice\/","title":{"rendered":"Izrada web stranice"},"content":{"rendered":"\t\t<div data-elementor-type=\"wp-page\" data-elementor-id=\"2287\" class=\"elementor elementor-2287\" data-elementor-post-type=\"page\">\n\t\t\t\t\t\t<section class=\"elementor-section elementor-top-section elementor-element elementor-element-f99655c elementor-section-full_width elementor-section-height-default elementor-section-height-default\" data-id=\"f99655c\" data-element_type=\"section\" data-settings=\"{&quot;background_background&quot;:&quot;classic&quot;}\">\n\t\t\t\t\t\t<div class=\"elementor-container elementor-column-gap-default\">\n\t\t\t\t\t<div class=\"elementor-column elementor-col-100 elementor-top-column elementor-element elementor-element-498213b\" data-id=\"498213b\" data-element_type=\"column\">\n\t\t\t<div class=\"elementor-widget-wrap elementor-element-populated\">\n\t\t\t\t\t\t<section class=\"elementor-section elementor-inner-section elementor-element elementor-element-a23c2c2 elementor-section-full_width elementor-section-height-default elementor-section-height-default\" data-id=\"a23c2c2\" data-element_type=\"section\">\n\t\t\t\t\t\t<div class=\"elementor-container elementor-column-gap-default\">\n\t\t\t\t\t<div class=\"elementor-column elementor-col-50 elementor-inner-column elementor-element elementor-element-b965f4a\" data-id=\"b965f4a\" data-element_type=\"column\">\n\t\t\t<div class=\"elementor-widget-wrap elementor-element-populated\">\n\t\t\t\t\t\t<div class=\"elementor-element elementor-element-facfa7c elementor-widget elementor-widget-heading\" data-id=\"facfa7c\" data-element_type=\"widget\" data-widget_type=\"heading.default\">\n\t\t\t\t<div class=\"elementor-widget-container\">\n\t\t\t\t\t<h1 class=\"elementor-heading-title elementor-size-default\">Izrada web stranice<\/h1>\t\t\t\t<\/div>\n\t\t\t\t<\/div>\n\t\t\t\t<div class=\"elementor-element elementor-element-dc0d293 elementor-widget elementor-widget-heading\" data-id=\"dc0d293\" data-element_type=\"widget\" data-widget_type=\"heading.default\">\n\t\t\t\t<div class=\"elementor-widget-container\">\n\t\t\t\t\t<h4 class=\"elementor-heading-title elementor-size-default\">Kvalitetno, brzo, odgovorno i povoljno<\/h4>\t\t\t\t<\/div>\n\t\t\t\t<\/div>\n\t\t\t\t\t<\/div>\n\t\t<\/div>\n\t\t\t\t<div class=\"elementor-column elementor-col-50 elementor-inner-column elementor-element elementor-element-9ccbfb7\" data-id=\"9ccbfb7\" data-element_type=\"column\">\n\t\t\t<div class=\"elementor-widget-wrap elementor-element-populated\">\n\t\t\t\t\t\t<div class=\"elementor-element elementor-element-a4cd33c elementor-widget elementor-widget-image\" data-id=\"a4cd33c\" data-element_type=\"widget\" data-widget_type=\"image.default\">\n\t\t\t\t<div class=\"elementor-widget-container\">\n\t\t\t\t\t\t\t\t\t\t\t\t\t\t\t<img decoding=\"async\" src=\"https:\/\/ws24.ws\/ba\/wp-content\/uploads\/2015\/01\/billionphotos-1002352_medium2000.png\" title=\"\" alt=\"izrada web sajta\" loading=\"lazy\" \/>\t\t\t\t\t\t\t\t\t\t\t\t\t\t\t<\/div>\n\t\t\t\t<\/div>\n\t\t\t\t\t<\/div>\n\t\t<\/div>\n\t\t\t\t\t<\/div>\n\t\t<\/section>\n\t\t\t\t\t<\/div>\n\t\t<\/div>\n\t\t\t\t\t<\/div>\n\t\t<\/section>\n\t\t\t\t<section class=\"elementor-section elementor-top-section elementor-element elementor-element-08be306 elementor-section-boxed elementor-section-height-default elementor-section-height-default\" data-id=\"08be306\" data-element_type=\"section\">\n\t\t\t\t\t\t<div class=\"elementor-container elementor-column-gap-default\">\n\t\t\t\t\t<div class=\"elementor-column elementor-col-100 elementor-top-column elementor-element elementor-element-a762d21\" data-id=\"a762d21\" data-element_type=\"column\">\n\t\t\t<div class=\"elementor-widget-wrap elementor-element-populated\">\n\t\t\t\t\t\t<div class=\"elementor-element elementor-element-36d0a35 elementor-widget elementor-widget-text-editor\" data-id=\"36d0a35\" data-element_type=\"widget\" data-widget_type=\"text-editor.default\">\n\t\t\t\t<div class=\"elementor-widget-container\">\n\t\t\t\t\t\t\t\t\t<p><strong>Izrada web stranice<\/strong>\u00a0je jedan od\u00a0<strong>prvih koraka<\/strong>\u00a0u cjelokupnom procesu promocije na internetu. Ka\u017eemo jedan od prvih jer postoje mnogi drugi zadaci koje treba obaviti prije i poslije izrade.<\/p><h3>Izrada web stranice- \u0161to je potrebno?<\/h3><ul><li>Izbor dobre adrese (domene) web stranice<\/li><li>Kvalitetan web hosting<\/li><li>Izbor tehnologije za upravljanje web stranicom\u00a0&#8211; CMS sustav<\/li><li>Dobar dizajn web\u00a0stranice koji je optimiziran i za mobilne ure\u0111aje<\/li><li>Dobra navigacija<\/li><li>Kvalitetan sadr\u017eaj (tekstovi, slike, dokumenta)<\/li><li>Optimizacija web stranice za br\u017ee u\u010ditavanje na preglednicima<\/li><li>SEO optimizacija sadr\u017eaja za najbolju poziciju na tra\u017eilicama<\/li><li>Povezivanje web stranice sa google web master alatima i google analytics za pra\u0107enje statistike posje\u0107enosti<\/li><\/ul><h3>Kvalitetna izrada\u00a0web stranice &#8211; dobri rezultati<\/h3><p>Pravilnim izborom gore navedenih postupaka postu\u017eu se zna\u010dajni rezultati:<\/p><ul><li>Va\u0161i posjetitelji \u0107e lako pamtiti web adresu (domenu) stranice<\/li><li>Va\u0161e e-mail adrese sa nazivom web stranice tipa: ime@vasawebstranica.com bit \u0107e jednostavan za upamtiti<\/li><li>Kvalitetan web hosting \u00a0pru\u017eit \u0107e nesmetani i brz pristup Va\u0161oj web stranici bez smetnji koje bi se negativno odrazile na pristup va\u017enim servisima stranice<\/li><li>Dobar i moderan dizajn privu\u0107i \u0107e i zadr\u017eati Va\u0161e posjetitelje<\/li><li>Najnovija tehnologija CMS sistema za upravljanje stranicom\u00a0pomo\u0107i \u0107e administratorima\u00a0stranice kvalitetnije i br\u017ee a\u017eurirati sadr\u017eaje<\/li><li>Kvalitetni sad\u017eaji (tekstovi, slike, dokumenta) pru\u017eat \u0107e korisne informacije Va\u0161im posjetiteljima koji \u0107e se u prosjeku du\u017ee zadr\u017eavati i ponovno posje\u0107ivati web stranicu<\/li><li>Optimizacija brzine web stranice \u0107e\u00a0posjetiteljima pru\u017eiti ugodne uvjete kori\u0161\u0107enja i bolju poziciju na tra\u017eilicama<\/li><li>Kvalitena SEO optimizacija web\u00a0stranice i svih sadr\u017eaja pove\u0107at \u0107e rang web\u00a0stranice na svjetskim tra\u017eilicama\u00a0kao \u0161to su<a title=\"Google\" href=\"https:\/\/www.google.com\/\" target=\"_blank\" rel=\"noopener\">\u00a0google<\/a>,\u00a0<a title=\"Yahoo\" href=\"https:\/\/www.yahoo.com\/\" target=\"_blank\" rel=\"noopener\">yahoo<\/a>,\u00a0<a title=\"Bing\" href=\"https:\/\/www.google.com\/\" target=\"_blank\" rel=\"noopener\">bing\u00a0<\/a>&#8230;<\/li><li>Kvalitetna izrada web stranice\u00a0pokazat \u0107e se u statistici \u00a0posjeta Google analytics i drugim analizama koje kontroliraju kvalitet web dizajna<\/li><\/ul><h3>Izrada web stranice\u00a0&#8211; stru\u010dni tim<\/h3><p>U nekim kompanijama zapo\u0161ljava se tim ljudi ili najmanje jedan Expert (stru\u010dnjak) koji bi radio poslove:<\/p><ul><li>web programera,<\/li><li>web dizajnera,<\/li><li>server administratora,<\/li><li>web administratora,<\/li><li>security expert \u2013 za sigurnost sistema,<\/li><li>cms expert,<\/li><li>seo expert,<\/li><li>analytics expert,<br \/>i ostalo\u2026<\/li><\/ul><p>Mi Vam stavljamo na raspolaganje na\u0161 tim veoma iskusnih stru\u010dnjaka za izradu web stranice uz optimalna ulaganja sredstava koja \u0107e se sigurno isplatiti.<\/p><p><strong>Jam\u010dimo\u00a0za kvalitetu !<\/strong><\/p><p><strong><img fetchpriority=\"high\" decoding=\"async\" class=\"alignleft wp-image-1044 size-medium\" title=\"Izrada web stranice - jam\u010dimo za kvalitetu\" src=\"https:\/\/ws24.ws\/hr\/wp-content\/uploads\/2015\/10\/Garancija_kvalitete-300x252.png\" alt=\"Izrada web stranice - jam\u010dimo za kvalitetu\" width=\"300\" height=\"252\" srcset=\"https:\/\/ws24.ws\/hr\/wp-content\/uploads\/2015\/10\/Garancija_kvalitete-300x252.png 300w, https:\/\/ws24.ws\/hr\/wp-content\/uploads\/2015\/10\/Garancija_kvalitete-768x646.png 768w, https:\/\/ws24.ws\/hr\/wp-content\/uploads\/2015\/10\/Garancija_kvalitete-1024x861.png 1024w, https:\/\/ws24.ws\/hr\/wp-content\/uploads\/2015\/10\/Garancija_kvalitete.png 1189w\" sizes=\"(max-width: 300px) 100vw, 300px\" \/><br \/><\/strong><\/p><h3>\u00a0<\/h3><h3>\u00a0<\/h3><h3>\u00a0<\/h3><h3>U\u0161tedite i do\u00a0<strong>30%<\/strong>\u00a0na izradu web\u00a0stranice<\/h3><h3><strong><a href=\"http:\/\/ws24.ws\/hr\/cijene-izrade-web-stranica\/\">Cijene izrade\u00a0web stranica\u00a0&gt;&gt;<\/a><\/strong><\/h3>\t\t\t\t\t\t\t\t<\/div>\n\t\t\t\t<\/div>\n\t\t\t\t\t<\/div>\n\t\t<\/div>\n\t\t\t\t\t<\/div>\n\t\t<\/section>\n\t\t\t\t<\/div>\n\t\t","protected":false},"excerpt":{"rendered":"<p>Izrada web stranice Kvalitetno, brzo, odgovorno i povoljno Izrada web stranice\u00a0je jedan od\u00a0prvih koraka\u00a0u cjelokupnom procesu promocije na internetu. Ka\u017eemo jedan od prvih jer postoje mnogi drugi zadaci koje treba obaviti prije i poslije izrade. Izrada web stranice- \u0161to je potrebno? Izbor dobre adrese (domene) web stranice Kvalitetan web hosting Izbor tehnologije za upravljanje web [&hellip;]<\/p>\n","protected":false},"author":1,"featured_media":0,"parent":0,"menu_order":0,"comment_status":"closed","ping_status":"closed","template":"elementor_header_footer","meta":{"footnotes":""},"class_list":["post-2287","page","type-page","status-publish","hentry"],"yoast_head":"<!-- This site is optimized with the Yoast SEO plugin v24.7 - https:\/\/yoast.com\/wordpress\/plugins\/seo\/ -->\n<title>Izrada web stranice - Web Servis za Hrvatsku<\/title>\n<meta name=\"robots\" content=\"index, follow, max-snippet:-1, max-image-preview:large, max-video-preview:-1\" \/>\n<link rel=\"canonical\" href=\"https:\/\/ws24.ws\/hr\/izrada-web-stranice\/\" \/>\n<meta property=\"og:locale\" content=\"hr_HR\" \/>\n<meta property=\"og:type\" content=\"article\" \/>\n<meta property=\"og:title\" content=\"Izrada web stranice - Web Servis za Hrvatsku\" \/>\n<meta property=\"og:description\" content=\"Izrada web stranice Kvalitetno, brzo, odgovorno i povoljno Izrada web stranice\u00a0je jedan od\u00a0prvih koraka\u00a0u cjelokupnom procesu promocije na internetu. Ka\u017eemo jedan od prvih jer postoje mnogi drugi zadaci koje treba obaviti prije i poslije izrade. Izrada web stranice- \u0161to je potrebno? Izbor dobre adrese (domene) web stranice Kvalitetan web hosting Izbor tehnologije za upravljanje web [&hellip;]\" \/>\n<meta property=\"og:url\" content=\"https:\/\/ws24.ws\/hr\/izrada-web-stranice\/\" \/>\n<meta property=\"og:site_name\" content=\"Web Servis za Hrvatsku\" \/>\n<meta property=\"article:modified_time\" content=\"2022-02-07T15:38:08+00:00\" \/>\n<meta property=\"og:image\" content=\"https:\/\/ws24.ws\/ba\/wp-content\/uploads\/2015\/01\/billionphotos-1002352_medium2000.png\" \/>\n<meta name=\"twitter:card\" content=\"summary_large_image\" \/>\n<meta name=\"twitter:label1\" content=\"Procijenjeno vrijeme \u010ditanja\" \/>\n\t<meta name=\"twitter:data1\" content=\"2 minute\" \/>\n<script type=\"application\/ld+json\" class=\"yoast-schema-graph\">{\"@context\":\"https:\/\/schema.org\",\"@graph\":[{\"@type\":\"WebPage\",\"@id\":\"https:\/\/ws24.ws\/hr\/izrada-web-stranice\/\",\"url\":\"https:\/\/ws24.ws\/hr\/izrada-web-stranice\/\",\"name\":\"Izrada web stranice - Web Servis za Hrvatsku\",\"isPartOf\":{\"@id\":\"https:\/\/ws24.ws\/hr\/#website\"},\"primaryImageOfPage\":{\"@id\":\"https:\/\/ws24.ws\/hr\/izrada-web-stranice\/#primaryimage\"},\"image\":{\"@id\":\"https:\/\/ws24.ws\/hr\/izrada-web-stranice\/#primaryimage\"},\"thumbnailUrl\":\"https:\/\/ws24.ws\/ba\/wp-content\/uploads\/2015\/01\/billionphotos-1002352_medium2000.png\",\"datePublished\":\"2022-02-07T15:33:41+00:00\",\"dateModified\":\"2022-02-07T15:38:08+00:00\",\"breadcrumb\":{\"@id\":\"https:\/\/ws24.ws\/hr\/izrada-web-stranice\/#breadcrumb\"},\"inLanguage\":\"hr\",\"potentialAction\":[{\"@type\":\"ReadAction\",\"target\":[\"https:\/\/ws24.ws\/hr\/izrada-web-stranice\/\"]}]},{\"@type\":\"ImageObject\",\"inLanguage\":\"hr\",\"@id\":\"https:\/\/ws24.ws\/hr\/izrada-web-stranice\/#primaryimage\",\"url\":\"https:\/\/ws24.ws\/ba\/wp-content\/uploads\/2015\/01\/billionphotos-1002352_medium2000.png\",\"contentUrl\":\"https:\/\/ws24.ws\/ba\/wp-content\/uploads\/2015\/01\/billionphotos-1002352_medium2000.png\"},{\"@type\":\"BreadcrumbList\",\"@id\":\"https:\/\/ws24.ws\/hr\/izrada-web-stranice\/#breadcrumb\",\"itemListElement\":[{\"@type\":\"ListItem\",\"position\":1,\"name\":\"Home\",\"item\":\"https:\/\/ws24.ws\/hr\/\"},{\"@type\":\"ListItem\",\"position\":2,\"name\":\"Izrada web stranice\"}]},{\"@type\":\"WebSite\",\"@id\":\"https:\/\/ws24.ws\/hr\/#website\",\"url\":\"https:\/\/ws24.ws\/hr\/\",\"name\":\"Web Servis za Hrvatsku\",\"description\":\"Izrada i odr\u017eavanje web stranica, web trgovina, SEO optimizacija\",\"publisher\":{\"@id\":\"https:\/\/ws24.ws\/hr\/#organization\"},\"potentialAction\":[{\"@type\":\"SearchAction\",\"target\":{\"@type\":\"EntryPoint\",\"urlTemplate\":\"https:\/\/ws24.ws\/hr\/?s={search_term_string}\"},\"query-input\":{\"@type\":\"PropertyValueSpecification\",\"valueRequired\":true,\"valueName\":\"search_term_string\"}}],\"inLanguage\":\"hr\"},{\"@type\":\"Organization\",\"@id\":\"https:\/\/ws24.ws\/hr\/#organization\",\"name\":\"Web Servis za Hrvatsku\",\"url\":\"https:\/\/ws24.ws\/hr\/\",\"logo\":{\"@type\":\"ImageObject\",\"inLanguage\":\"hr\",\"@id\":\"https:\/\/ws24.ws\/hr\/#\/schema\/logo\/image\/\",\"url\":\"https:\/\/ws24.ws\/hr\/wp-content\/uploads\/2022\/02\/cropped-Logo-ws2.png\",\"contentUrl\":\"https:\/\/ws24.ws\/hr\/wp-content\/uploads\/2022\/02\/cropped-Logo-ws2.png\",\"width\":545,\"height\":137,\"caption\":\"Web Servis za Hrvatsku\"},\"image\":{\"@id\":\"https:\/\/ws24.ws\/hr\/#\/schema\/logo\/image\/\"}}]}<\/script>\n<!-- \/ Yoast SEO plugin. -->","yoast_head_json":{"title":"Izrada web stranice - Web Servis za Hrvatsku","robots":{"index":"index","follow":"follow","max-snippet":"max-snippet:-1","max-image-preview":"max-image-preview:large","max-video-preview":"max-video-preview:-1"},"canonical":"https:\/\/ws24.ws\/hr\/izrada-web-stranice\/","og_locale":"hr_HR","og_type":"article","og_title":"Izrada web stranice - Web Servis za Hrvatsku","og_description":"Izrada web stranice Kvalitetno, brzo, odgovorno i povoljno Izrada web stranice\u00a0je jedan od\u00a0prvih koraka\u00a0u cjelokupnom procesu promocije na internetu. Ka\u017eemo jedan od prvih jer postoje mnogi drugi zadaci koje treba obaviti prije i poslije izrade. Izrada web stranice- \u0161to je potrebno? Izbor dobre adrese (domene) web stranice Kvalitetan web hosting Izbor tehnologije za upravljanje web [&hellip;]","og_url":"https:\/\/ws24.ws\/hr\/izrada-web-stranice\/","og_site_name":"Web Servis za Hrvatsku","article_modified_time":"2022-02-07T15:38:08+00:00","og_image":[{"url":"https:\/\/ws24.ws\/ba\/wp-content\/uploads\/2015\/01\/billionphotos-1002352_medium2000.png","type":"","width":"","height":""}],"twitter_card":"summary_large_image","twitter_misc":{"Procijenjeno vrijeme \u010ditanja":"2 minute"},"schema":{"@context":"https:\/\/schema.org","@graph":[{"@type":"WebPage","@id":"https:\/\/ws24.ws\/hr\/izrada-web-stranice\/","url":"https:\/\/ws24.ws\/hr\/izrada-web-stranice\/","name":"Izrada web stranice - Web Servis za Hrvatsku","isPartOf":{"@id":"https:\/\/ws24.ws\/hr\/#website"},"primaryImageOfPage":{"@id":"https:\/\/ws24.ws\/hr\/izrada-web-stranice\/#primaryimage"},"image":{"@id":"https:\/\/ws24.ws\/hr\/izrada-web-stranice\/#primaryimage"},"thumbnailUrl":"https:\/\/ws24.ws\/ba\/wp-content\/uploads\/2015\/01\/billionphotos-1002352_medium2000.png","datePublished":"2022-02-07T15:33:41+00:00","dateModified":"2022-02-07T15:38:08+00:00","breadcrumb":{"@id":"https:\/\/ws24.ws\/hr\/izrada-web-stranice\/#breadcrumb"},"inLanguage":"hr","potentialAction":[{"@type":"ReadAction","target":["https:\/\/ws24.ws\/hr\/izrada-web-stranice\/"]}]},{"@type":"ImageObject","inLanguage":"hr","@id":"https:\/\/ws24.ws\/hr\/izrada-web-stranice\/#primaryimage","url":"https:\/\/ws24.ws\/ba\/wp-content\/uploads\/2015\/01\/billionphotos-1002352_medium2000.png","contentUrl":"https:\/\/ws24.ws\/ba\/wp-content\/uploads\/2015\/01\/billionphotos-1002352_medium2000.png"},{"@type":"BreadcrumbList","@id":"https:\/\/ws24.ws\/hr\/izrada-web-stranice\/#breadcrumb","itemListElement":[{"@type":"ListItem","position":1,"name":"Home","item":"https:\/\/ws24.ws\/hr\/"},{"@type":"ListItem","position":2,"name":"Izrada web stranice"}]},{"@type":"WebSite","@id":"https:\/\/ws24.ws\/hr\/#website","url":"https:\/\/ws24.ws\/hr\/","name":"Web Servis za Hrvatsku","description":"Izrada i odr\u017eavanje web stranica, web trgovina, SEO optimizacija","publisher":{"@id":"https:\/\/ws24.ws\/hr\/#organization"},"potentialAction":[{"@type":"SearchAction","target":{"@type":"EntryPoint","urlTemplate":"https:\/\/ws24.ws\/hr\/?s={search_term_string}"},"query-input":{"@type":"PropertyValueSpecification","valueRequired":true,"valueName":"search_term_string"}}],"inLanguage":"hr"},{"@type":"Organization","@id":"https:\/\/ws24.ws\/hr\/#organization","name":"Web Servis za Hrvatsku","url":"https:\/\/ws24.ws\/hr\/","logo":{"@type":"ImageObject","inLanguage":"hr","@id":"https:\/\/ws24.ws\/hr\/#\/schema\/logo\/image\/","url":"https:\/\/ws24.ws\/hr\/wp-content\/uploads\/2022\/02\/cropped-Logo-ws2.png","contentUrl":"https:\/\/ws24.ws\/hr\/wp-content\/uploads\/2022\/02\/cropped-Logo-ws2.png","width":545,"height":137,"caption":"Web Servis za Hrvatsku"},"image":{"@id":"https:\/\/ws24.ws\/hr\/#\/schema\/logo\/image\/"}}]}},"_links":{"self":[{"href":"https:\/\/ws24.ws\/hr\/wp-json\/wp\/v2\/pages\/2287","targetHints":{"allow":["GET"]}}],"collection":[{"href":"https:\/\/ws24.ws\/hr\/wp-json\/wp\/v2\/pages"}],"about":[{"href":"https:\/\/ws24.ws\/hr\/wp-json\/wp\/v2\/types\/page"}],"author":[{"embeddable":true,"href":"https:\/\/ws24.ws\/hr\/wp-json\/wp\/v2\/users\/1"}],"replies":[{"embeddable":true,"href":"https:\/\/ws24.ws\/hr\/wp-json\/wp\/v2\/comments?post=2287"}],"version-history":[{"count":5,"href":"https:\/\/ws24.ws\/hr\/wp-json\/wp\/v2\/pages\/2287\/revisions"}],"predecessor-version":[{"id":3209,"href":"https:\/\/ws24.ws\/hr\/wp-json\/wp\/v2\/pages\/2287\/revisions\/3209"}],"wp:attachment":[{"href":"https:\/\/ws24.ws\/hr\/wp-json\/wp\/v2\/media?parent=2287"}],"curies":[{"name":"wp","href":"https:\/\/api.w.org\/{rel}","templated":true}]}}